{"id":33263,"date":"2025-02-23T18:34:26","date_gmt":"2025-02-23T15:34:26","guid":{"rendered":"https:\/\/rosmary.eu\/?post_type=product&#038;p=33263"},"modified":"2025-02-23T18:49:23","modified_gmt":"2025-02-23T15:49:23","slug":"high-heel-red-love-edp-femeie-90-ml-copy-copy","status":"publish","type":"product","link":"https:\/\/rosmary.eu\/ro\/produkt\/high-heel-red-love-edp-femeie-90-ml-copy-copy\/","title":{"rendered":"High Heel Red Love EDP Femeie, 90 ml (Copy) (Copy)"},"content":{"rendered":"<p>High Heel Red Love EDP Woman este o ap\u0103 de toalet\u0103 clasic\u0103 pentru femei.<\/p>\n","protected":false},"excerpt":{"rendered":"<p>High Heel Red Love EDP Woman este o ap\u0103 de toalet\u0103 clasic\u0103 pentru femei.<\/p>\n","protected":false},"featured_media":33270,"comment_status":"closed","ping_status":"closed","template":"","meta":[],"product_brand":[],"product_cat":[608,607,459,458],"product_tag":[],"class_list":{"0":"post-33263","1":"product","2":"type-product","3":"status-publish","4":"has-post-thumbnail","6":"product_cat-produse-cosmetice","7":"product_cat-femei-ro","8":"product_cat-truse-cosmetice","9":"product_cat-parfumuri","11":"first","12":"instock","13":"sale","14":"purchasable","15":"product-type-simple"},"_links":{"self":[{"href":"https:\/\/rosmary.eu\/ro\/wp-json\/wp\/v2\/product\/33263","targetHints":{"allow":["GET"]}}],"collection":[{"href":"https:\/\/rosmary.eu\/ro\/wp-json\/wp\/v2\/product"}],"about":[{"href":"https:\/\/rosmary.eu\/ro\/wp-json\/wp\/v2\/types\/product"}],"replies":[{"embeddable":true,"href":"https:\/\/rosmary.eu\/ro\/wp-json\/wp\/v2\/comments?post=33263"}],"version-history":[{"count":1,"href":"https:\/\/rosmary.eu\/ro\/wp-json\/wp\/v2\/product\/33263\/revisions"}],"predecessor-version":[{"id":33266,"href":"https:\/\/rosmary.eu\/ro\/wp-json\/wp\/v2\/product\/33263\/revisions\/33266"}],"wp:featuredmedia":[{"embeddable":true,"href":"https:\/\/rosmary.eu\/ro\/wp-json\/wp\/v2\/media\/33270"}],"wp:attachment":[{"href":"https:\/\/rosmary.eu\/ro\/wp-json\/wp\/v2\/media?parent=33263"}],"wp:term":[{"taxonomy":"product_brand","embeddable":true,"href":"https:\/\/rosmary.eu\/ro\/wp-json\/wp\/v2\/product_brand?post=33263"},{"taxonomy":"product_cat","embeddable":true,"href":"https:\/\/rosmary.eu\/ro\/wp-json\/wp\/v2\/product_cat?post=33263"},{"taxonomy":"product_tag","embeddable":true,"href":"https:\/\/rosmary.eu\/ro\/wp-json\/wp\/v2\/product_tag?post=33263"}],"curies":[{"name":"wp","href":"https:\/\/api.w.org\/{rel}","templated":true}]}}