{"id":33256,"date":"2025-02-23T18:25:13","date_gmt":"2025-02-23T15:25:13","guid":{"rendered":"https:\/\/rosmary.eu\/?post_type=product&#038;p=33256"},"modified":"2025-02-23T18:31:07","modified_gmt":"2025-02-23T15:31:07","slug":"high-heel-red-love-edp-femeie-90-ml-copy","status":"publish","type":"product","link":"https:\/\/rosmary.eu\/ro\/produkt\/high-heel-red-love-edp-femeie-90-ml-copy\/","title":{"rendered":"High Heel Red Love EDP Femeie, 90 ml (Copy)"},"content":{"rendered":"<p>High Heel Red Love EDP Woman este o ap\u0103 de toalet\u0103 clasic\u0103 pentru femei.<\/p>\n","protected":false},"excerpt":{"rendered":"<p>High Heel Red Love EDP Woman este o ap\u0103 de toalet\u0103 clasic\u0103 pentru femei.<\/p>\n","protected":false},"featured_media":33258,"comment_status":"closed","ping_status":"closed","template":"","meta":[],"product_brand":[],"product_cat":[608,607,459,458],"product_tag":[],"class_list":{"0":"post-33256","1":"product","2":"type-product","3":"status-publish","4":"has-post-thumbnail","6":"product_cat-produse-cosmetice","7":"product_cat-femei-ro","8":"product_cat-truse-cosmetice","9":"product_cat-parfumuri","11":"first","12":"instock","13":"sale","14":"purchasable","15":"product-type-simple"},"_links":{"self":[{"href":"https:\/\/rosmary.eu\/ro\/wp-json\/wp\/v2\/product\/33256","targetHints":{"allow":["GET"]}}],"collection":[{"href":"https:\/\/rosmary.eu\/ro\/wp-json\/wp\/v2\/product"}],"about":[{"href":"https:\/\/rosmary.eu\/ro\/wp-json\/wp\/v2\/types\/product"}],"replies":[{"embeddable":true,"href":"https:\/\/rosmary.eu\/ro\/wp-json\/wp\/v2\/comments?post=33256"}],"version-history":[{"count":1,"href":"https:\/\/rosmary.eu\/ro\/wp-json\/wp\/v2\/product\/33256\/revisions"}],"predecessor-version":[{"id":33259,"href":"https:\/\/rosmary.eu\/ro\/wp-json\/wp\/v2\/product\/33256\/revisions\/33259"}],"wp:featuredmedia":[{"embeddable":true,"href":"https:\/\/rosmary.eu\/ro\/wp-json\/wp\/v2\/media\/33258"}],"wp:attachment":[{"href":"https:\/\/rosmary.eu\/ro\/wp-json\/wp\/v2\/media?parent=33256"}],"wp:term":[{"taxonomy":"product_brand","embeddable":true,"href":"https:\/\/rosmary.eu\/ro\/wp-json\/wp\/v2\/product_brand?post=33256"},{"taxonomy":"product_cat","embeddable":true,"href":"https:\/\/rosmary.eu\/ro\/wp-json\/wp\/v2\/product_cat?post=33256"},{"taxonomy":"product_tag","embeddable":true,"href":"https:\/\/rosmary.eu\/ro\/wp-json\/wp\/v2\/product_tag?post=33256"}],"curies":[{"name":"wp","href":"https:\/\/api.w.org\/{rel}","templated":true}]}}