{"id":32953,"date":"2024-07-10T12:32:10","date_gmt":"2024-07-10T12:32:10","guid":{"rendered":"https:\/\/rosmary.eu\/produkt\/pasta-de-curatare-the-pink-stuff\/"},"modified":"2024-07-10T12:32:10","modified_gmt":"2024-07-10T12:32:10","slug":"pasta-de-curatare-the-pink-stuff","status":"publish","type":"product","link":"https:\/\/rosmary.eu\/ro\/produkt\/pasta-de-curatare-the-pink-stuff\/","title":{"rendered":"Pasta de curatare The Pink Stuff"},"content":{"rendered":"<p>Pasta de cur\u0103\u021bare Pink Stuff Miracle este perfect\u0103 pentru cur\u0103\u021barea murd\u0103riei, grasime \u0219i petelor de pe crati\u021be, plite de g\u0103tit, chiuvete, PVC, gr\u0103tare, gresie, sticl\u0103, du\u0219uri, mobilier de gr\u0103din\u0103, vopsele, b\u0103rci \u0219i alam\u0103&#8230; lista este nesf\u00e2r\u0219it\u0103. Formula sa natural\u0103 a fost dezvoltat\u0103 pentru a oferi performan\u021be ridicate f\u0103r\u0103 a fi nevoie de substan\u021be chimice dure. Pasta de cur\u0103\u021bare Pink Stuff Miracle face curatarea distractie.<\/p>\n","protected":false},"excerpt":{"rendered":"<p>Pasta de cur\u0103\u021bare Pink Stuff Miracle este perfect\u0103 pentru cur\u0103\u021barea murd\u0103riei, grasime \u0219i petelor de pe crati\u021be, plite de g\u0103tit,<\/p>\n","protected":false},"featured_media":32943,"comment_status":"closed","ping_status":"closed","template":"","meta":[],"product_brand":[],"product_cat":[457,613,517,465],"product_tag":[697,700,698,695,696,699],"class_list":{"0":"post-32953","1":"product","2":"type-product","3":"status-publish","4":"has-post-thumbnail","6":"product_cat-bunuri-de-uz-casnic","7":"product_cat-preparate-de-curatare","8":"product_cat-preparate-abrazive","9":"product_cat-special","10":"product_tag-miracle-ro","11":"product_tag-pasta-de-curatare-ro","12":"product_tag-pasta-de-curatare","13":"product_tag-pink-ro","14":"product_tag-pink-stuff-ro","15":"product_tag-star-drops-ro","17":"first","18":"instock","19":"taxable","20":"shipping-taxable","21":"purchasable","22":"product-type-simple"},"_links":{"self":[{"href":"https:\/\/rosmary.eu\/ro\/wp-json\/wp\/v2\/product\/32953","targetHints":{"allow":["GET"]}}],"collection":[{"href":"https:\/\/rosmary.eu\/ro\/wp-json\/wp\/v2\/product"}],"about":[{"href":"https:\/\/rosmary.eu\/ro\/wp-json\/wp\/v2\/types\/product"}],"replies":[{"embeddable":true,"href":"https:\/\/rosmary.eu\/ro\/wp-json\/wp\/v2\/comments?post=32953"}],"version-history":[{"count":0,"href":"https:\/\/rosmary.eu\/ro\/wp-json\/wp\/v2\/product\/32953\/revisions"}],"wp:featuredmedia":[{"embeddable":true,"href":"https:\/\/rosmary.eu\/ro\/wp-json\/wp\/v2\/media\/32943"}],"wp:attachment":[{"href":"https:\/\/rosmary.eu\/ro\/wp-json\/wp\/v2\/media?parent=32953"}],"wp:term":[{"taxonomy":"product_brand","embeddable":true,"href":"https:\/\/rosmary.eu\/ro\/wp-json\/wp\/v2\/product_brand?post=32953"},{"taxonomy":"product_cat","embeddable":true,"href":"https:\/\/rosmary.eu\/ro\/wp-json\/wp\/v2\/product_cat?post=32953"},{"taxonomy":"product_tag","embeddable":true,"href":"https:\/\/rosmary.eu\/ro\/wp-json\/wp\/v2\/product_tag?post=32953"}],"curies":[{"name":"wp","href":"https:\/\/api.w.org\/{rel}","templated":true}]}}