{"id":32899,"date":"2024-02-06T08:39:29","date_gmt":"2024-02-06T08:39:29","guid":{"rendered":"https:\/\/rosmary.eu\/produkt\/pudra-de-spalat-teo-bebe-225-gr\/"},"modified":"2024-02-06T08:39:29","modified_gmt":"2024-02-06T08:39:29","slug":"pudra-de-spalat-teo-bebe-225-gr","status":"publish","type":"product","link":"https:\/\/rosmary.eu\/ro\/produkt\/pudra-de-spalat-teo-bebe-225-gr\/","title":{"rendered":"Pudra de spalat Teo bebe &#8211; 225 gr"},"content":{"rendered":"<p>Pudra de sp\u0103lat Teo bebe este special conceput\u0103 pentru copilul t\u0103u. Hipoalergenic \u0219i testat dermatologic, este bl\u00e2nd cu pielea delicat\u0103 a bebelu\u0219ului \u0219i lipsit de minte la pete. Ofer\u0103 o sp\u0103lare bl\u00e2nd\u0103 \u0219i eficient\u0103 \u0219i \u00eenv\u0103luie hainele cu un parfum bl\u00e2nd de lavand\u0103.<\/p>\n","protected":false},"excerpt":{"rendered":"<p>Pudra de sp\u0103lat Teo bebe este special conceput\u0103 pentru copilul t\u0103u. Hipoalergenic \u0219i testat dermatologic, este bl\u00e2nd cu pielea delicat\u0103<\/p>\n","protected":false},"featured_media":29460,"comment_status":"closed","ping_status":"closed","template":"","meta":[],"product_brand":[],"product_cat":[576,577],"product_tag":[],"class_list":{"0":"post-32899","1":"product","2":"type-product","3":"status-publish","4":"has-post-thumbnail","6":"product_cat-detergenti-de-rufe","7":"product_cat-preparate-sub-forma-de-pudra","9":"first","10":"instock","11":"taxable","12":"shipping-taxable","13":"purchasable","14":"product-type-simple"},"_links":{"self":[{"href":"https:\/\/rosmary.eu\/ro\/wp-json\/wp\/v2\/product\/32899","targetHints":{"allow":["GET"]}}],"collection":[{"href":"https:\/\/rosmary.eu\/ro\/wp-json\/wp\/v2\/product"}],"about":[{"href":"https:\/\/rosmary.eu\/ro\/wp-json\/wp\/v2\/types\/product"}],"replies":[{"embeddable":true,"href":"https:\/\/rosmary.eu\/ro\/wp-json\/wp\/v2\/comments?post=32899"}],"version-history":[{"count":0,"href":"https:\/\/rosmary.eu\/ro\/wp-json\/wp\/v2\/product\/32899\/revisions"}],"wp:featuredmedia":[{"embeddable":true,"href":"https:\/\/rosmary.eu\/ro\/wp-json\/wp\/v2\/media\/29460"}],"wp:attachment":[{"href":"https:\/\/rosmary.eu\/ro\/wp-json\/wp\/v2\/media?parent=32899"}],"wp:term":[{"taxonomy":"product_brand","embeddable":true,"href":"https:\/\/rosmary.eu\/ro\/wp-json\/wp\/v2\/product_brand?post=32899"},{"taxonomy":"product_cat","embeddable":true,"href":"https:\/\/rosmary.eu\/ro\/wp-json\/wp\/v2\/product_cat?post=32899"},{"taxonomy":"product_tag","embeddable":true,"href":"https:\/\/rosmary.eu\/ro\/wp-json\/wp\/v2\/product_tag?post=32899"}],"curies":[{"name":"wp","href":"https:\/\/api.w.org\/{rel}","templated":true}]}}