{"id":32783,"date":"2024-02-08T07:21:39","date_gmt":"2024-02-08T04:21:39","guid":{"rendered":"https:\/\/rosmary.eu\/produkt\/apa-de-parfum-blackkey-lucky-30-ml\/"},"modified":"2024-02-08T07:21:39","modified_gmt":"2024-02-08T07:21:39","slug":"apa-de-parfum-blackkey-lucky-30-ml","status":"publish","type":"product","link":"https:\/\/rosmary.eu\/ro\/produkt\/apa-de-parfum-blackkey-lucky-30-ml\/","title":{"rendered":"Apa de parfum black&amp;key &#8211; Lucky, 30 ml"},"content":{"rendered":"<p>Apa de parfum black&amp;key &#8211; Lucky, 30 ml seria Lucky. Pachetul de 30 ml este potrivit pentru a fi purtat \u00een geant\u0103, astfel \u00eenc\u00e2t s\u0103 v\u0103 pute\u021bi re\u00eennoi parfumul \u00een orice moment!<\/p>\n","protected":false},"excerpt":{"rendered":"<p>Apa de parfum black&amp;key &#8211; Lucky, 30 ml seria Lucky. Pachetul de 30 ml este potrivit pentru a fi purtat<\/p>\n","protected":false},"featured_media":32391,"comment_status":"closed","ping_status":"closed","template":"","meta":[],"product_brand":[],"product_cat":[608,603,551],"product_tag":[],"class_list":{"0":"post-32783","1":"product","2":"type-product","3":"status-publish","4":"has-post-thumbnail","6":"product_cat-produse-cosmetice","7":"product_cat-masculin-ro","8":"product_cat-parfumuri-ro","10":"first","11":"instock","12":"purchasable","13":"product-type-simple"},"_links":{"self":[{"href":"https:\/\/rosmary.eu\/ro\/wp-json\/wp\/v2\/product\/32783","targetHints":{"allow":["GET"]}}],"collection":[{"href":"https:\/\/rosmary.eu\/ro\/wp-json\/wp\/v2\/product"}],"about":[{"href":"https:\/\/rosmary.eu\/ro\/wp-json\/wp\/v2\/types\/product"}],"replies":[{"embeddable":true,"href":"https:\/\/rosmary.eu\/ro\/wp-json\/wp\/v2\/comments?post=32783"}],"version-history":[{"count":0,"href":"https:\/\/rosmary.eu\/ro\/wp-json\/wp\/v2\/product\/32783\/revisions"}],"wp:featuredmedia":[{"embeddable":true,"href":"https:\/\/rosmary.eu\/ro\/wp-json\/wp\/v2\/media\/32391"}],"wp:attachment":[{"href":"https:\/\/rosmary.eu\/ro\/wp-json\/wp\/v2\/media?parent=32783"}],"wp:term":[{"taxonomy":"product_brand","embeddable":true,"href":"https:\/\/rosmary.eu\/ro\/wp-json\/wp\/v2\/product_brand?post=32783"},{"taxonomy":"product_cat","embeddable":true,"href":"https:\/\/rosmary.eu\/ro\/wp-json\/wp\/v2\/product_cat?post=32783"},{"taxonomy":"product_tag","embeddable":true,"href":"https:\/\/rosmary.eu\/ro\/wp-json\/wp\/v2\/product_tag?post=32783"}],"curies":[{"name":"wp","href":"https:\/\/api.w.org\/{rel}","templated":true}]}}