{"id":32779,"date":"2024-02-08T09:50:23","date_gmt":"2024-02-08T06:50:23","guid":{"rendered":"https:\/\/rosmary.eu\/produkt\/eau-de-parfum-affair-lucky-35-ml\/"},"modified":"2024-02-08T09:50:23","modified_gmt":"2024-02-08T09:50:23","slug":"eau-de-parfum-affair-lucky-35-ml","status":"publish","type":"product","link":"https:\/\/rosmary.eu\/ro\/produkt\/eau-de-parfum-affair-lucky-35-ml\/","title":{"rendered":"Eau de Parfum Affair &#8211; Lucky, 35 ml"},"content":{"rendered":"<p>\u201eAffair\u201d este un parfum care transform\u0103 fiecare moment \u00eentr-o aventur\u0103 captivant\u0103 a sim\u021burilor. Acest parfum este o combina\u021bie magic\u0103 de rafinament \u0219i pasiune care te \u00eenv\u0103luie \u00een senzualitate \u0219i sex-appeal. Creat cu o aten\u021bie extrem\u0103 la detalii, \u201eAffair &#8211; Lucky\u201d ofer\u0103 note florale sofisticate combinate cu acorduri fructate captivante \u0219i subtonuri lemnoase u\u0219oare. Acest parfum este captivant \u0219i captivant, \u00een timp ce capteaz\u0103 aten\u021bia prin elegan\u021ba \u0219i rafinamentul s\u0103u. Purta\u021bi \u0219i scufunda\u021bi-v\u0103 \u00een atmosfera de mister \u0219i pasiune. L\u0103sa\u021bi acest parfum s\u0103 v\u0103 poarte \u00eentr-o c\u0103l\u0103torie captivant\u0103 prin momente magice pe care le ve\u021bi aminti pentru totdeauna. Dezv\u0103luie-\u021bi str\u0103lucirea interioar\u0103 cu o ap\u0103 de parfum care nu numai c\u0103 te face de neuitat, dar te \u0219i transform\u0103 \u00eentr-o for\u021b\u0103 magnetic\u0103 irezistibil\u0103 care nu poate trece neobservat\u0103.<\/p>\n","protected":false},"excerpt":{"rendered":"<p>\u201eAffair\u201d este un parfum care transform\u0103 fiecare moment \u00eentr-o aventur\u0103 captivant\u0103 a sim\u021burilor. Acest parfum este o combina\u021bie magic\u0103 de<\/p>\n","protected":false},"featured_media":32378,"comment_status":"closed","ping_status":"closed","template":"","meta":[],"product_brand":[],"product_cat":[608,607,458],"product_tag":[],"class_list":{"0":"post-32779","1":"product","2":"type-product","3":"status-publish","4":"has-post-thumbnail","6":"product_cat-produse-cosmetice","7":"product_cat-femei-ro","8":"product_cat-parfumuri","10":"first","11":"outofstock","12":"purchasable","13":"product-type-simple"},"_links":{"self":[{"href":"https:\/\/rosmary.eu\/ro\/wp-json\/wp\/v2\/product\/32779","targetHints":{"allow":["GET"]}}],"collection":[{"href":"https:\/\/rosmary.eu\/ro\/wp-json\/wp\/v2\/product"}],"about":[{"href":"https:\/\/rosmary.eu\/ro\/wp-json\/wp\/v2\/types\/product"}],"replies":[{"embeddable":true,"href":"https:\/\/rosmary.eu\/ro\/wp-json\/wp\/v2\/comments?post=32779"}],"version-history":[{"count":0,"href":"https:\/\/rosmary.eu\/ro\/wp-json\/wp\/v2\/product\/32779\/revisions"}],"wp:featuredmedia":[{"embeddable":true,"href":"https:\/\/rosmary.eu\/ro\/wp-json\/wp\/v2\/media\/32378"}],"wp:attachment":[{"href":"https:\/\/rosmary.eu\/ro\/wp-json\/wp\/v2\/media?parent=32779"}],"wp:term":[{"taxonomy":"product_brand","embeddable":true,"href":"https:\/\/rosmary.eu\/ro\/wp-json\/wp\/v2\/product_brand?post=32779"},{"taxonomy":"product_cat","embeddable":true,"href":"https:\/\/rosmary.eu\/ro\/wp-json\/wp\/v2\/product_cat?post=32779"},{"taxonomy":"product_tag","embeddable":true,"href":"https:\/\/rosmary.eu\/ro\/wp-json\/wp\/v2\/product_tag?post=32779"}],"curies":[{"name":"wp","href":"https:\/\/api.w.org\/{rel}","templated":true}]}}