{"id":32777,"date":"2024-02-08T09:53:19","date_gmt":"2024-02-08T06:53:19","guid":{"rendered":"https:\/\/rosmary.eu\/produkt\/apa-de-parfum-cool-girls-lucky-35-ml\/"},"modified":"2024-02-08T09:53:19","modified_gmt":"2024-02-08T09:53:19","slug":"apa-de-parfum-cool-girls-lucky-35-ml","status":"publish","type":"product","link":"https:\/\/rosmary.eu\/ro\/produkt\/apa-de-parfum-cool-girls-lucky-35-ml\/","title":{"rendered":"Apa de parfum Cool Girls &#8211; Lucky, 35 ml"},"content":{"rendered":"<p>Apa de parfum Cool Girls &#8211; Lucky, 35 ml<\/p>\n<p>Bine a\u021bi venit \u00een lumea \u201eCool Girls &#8211; Lucky\u201d &#8211; o ap\u0103 de parfum care \u00eentruchipeaz\u0103 libertatea, stilul \u0219i autenticitatea femeii moderne. Acest parfum a fost creat pentru doamna care se m\u00e2ndre\u0219te cu individualitatea \u0219i \u00eencrederea ei. \u201eCool Girls &#8211; Lucky\u201d ofer\u0103 note proaspete de citrice combinate cu acorduri verzi \u0219i flori u\u0219oare. Acest parfum este dinamic \u0219i energic, eman\u00e2nd \u00een acela\u0219i timp o elegan\u021b\u0103 subestimat\u0103 \u0219i o prospe\u021bime care atrage aten\u021bia. Poart\u0103-l \u0219i bucur\u0103-te de sentimentul de libertate \u0219i u\u0219urin\u021b\u0103 pe care \u021bi-l ofer\u0103. Las\u0103 acest parfum s\u0103 te inspire s\u0103 fii sincer cu tine \u0219i s\u0103 te bucuri de fiecare moment al vie\u021bii cu stil \u0219i clas\u0103. Dezv\u0103luie-\u021bi unicitatea cu o ap\u0103 de parfum care nu numai c\u0103 \u00ee\u021bi completeaz\u0103 personalitatea, ci \u0219i o eviden\u021biaz\u0103, f\u0103c\u00e2ndu-te mereu gata s\u0103 cucere\u0219ti lumea cu farmecul \u0219i stilul t\u0103u.<\/p>\n","protected":false},"excerpt":{"rendered":"<p>Apa de parfum Cool Girls &#8211; Lucky, 35 ml Bine a\u021bi venit \u00een lumea \u201eCool Girls &#8211; Lucky\u201d &#8211; o<\/p>\n","protected":false},"featured_media":32365,"comment_status":"closed","ping_status":"closed","template":"","meta":[],"product_brand":[],"product_cat":[608,607,458],"product_tag":[],"class_list":{"0":"post-32777","1":"product","2":"type-product","3":"status-publish","4":"has-post-thumbnail","6":"product_cat-produse-cosmetice","7":"product_cat-femei-ro","8":"product_cat-parfumuri","10":"first","11":"outofstock","12":"purchasable","13":"product-type-simple"},"_links":{"self":[{"href":"https:\/\/rosmary.eu\/ro\/wp-json\/wp\/v2\/product\/32777","targetHints":{"allow":["GET"]}}],"collection":[{"href":"https:\/\/rosmary.eu\/ro\/wp-json\/wp\/v2\/product"}],"about":[{"href":"https:\/\/rosmary.eu\/ro\/wp-json\/wp\/v2\/types\/product"}],"replies":[{"embeddable":true,"href":"https:\/\/rosmary.eu\/ro\/wp-json\/wp\/v2\/comments?post=32777"}],"version-history":[{"count":0,"href":"https:\/\/rosmary.eu\/ro\/wp-json\/wp\/v2\/product\/32777\/revisions"}],"wp:featuredmedia":[{"embeddable":true,"href":"https:\/\/rosmary.eu\/ro\/wp-json\/wp\/v2\/media\/32365"}],"wp:attachment":[{"href":"https:\/\/rosmary.eu\/ro\/wp-json\/wp\/v2\/media?parent=32777"}],"wp:term":[{"taxonomy":"product_brand","embeddable":true,"href":"https:\/\/rosmary.eu\/ro\/wp-json\/wp\/v2\/product_brand?post=32777"},{"taxonomy":"product_cat","embeddable":true,"href":"https:\/\/rosmary.eu\/ro\/wp-json\/wp\/v2\/product_cat?post=32777"},{"taxonomy":"product_tag","embeddable":true,"href":"https:\/\/rosmary.eu\/ro\/wp-json\/wp\/v2\/product_tag?post=32777"}],"curies":[{"name":"wp","href":"https:\/\/api.w.org\/{rel}","templated":true}]}}