{"id":32776,"date":"2024-02-08T09:55:42","date_gmt":"2024-02-08T06:55:42","guid":{"rendered":"https:\/\/rosmary.eu\/produkt\/apa-de-parfum-secret-bomb-lucky-35-ml\/"},"modified":"2024-02-08T09:55:42","modified_gmt":"2024-02-08T09:55:42","slug":"apa-de-parfum-secret-bomb-lucky-35-ml","status":"publish","type":"product","link":"https:\/\/rosmary.eu\/ro\/produkt\/apa-de-parfum-secret-bomb-lucky-35-ml\/","title":{"rendered":"Apa de parfum Secret Bomb &#8211; Lucky, 35 ml"},"content":{"rendered":"<p>Bine a\u021bi venit \u00een lumea misterioas\u0103 a \u201eSecret Bomb &#8211; Lucky\u201d &#8211; o ap\u0103 de parfum care plute\u0219te \u00eentre mister \u0219i seduc\u021bie. Acest parfum a fost creat pentru femeia c\u0103reia \u00eei place s\u0103 se joace cu misterele vie\u021bii \u0219i s\u0103 lase urme de neuitat \u00een urm\u0103. \u201eSecret Bomb &#8211; Lucky\u201d ofer\u0103 un amestec de acorduri florale subtile completate de note seduc\u0103toare de paciuli \u0219i vanilie. Acest parfum este intens \u0219i misterios, atr\u0103g\u00e2nd \u00een acela\u0219i timp aten\u021bia prin compozi\u021bia sa unic\u0103. Poart\u0103-l \u0219i scufund\u0103-te \u00een atmosfera de mister \u0219i intrigi incitante. Las\u0103 fiecare pic\u0103tur\u0103 din acest parfum s\u0103 dezv\u0103luie puterea ta ascuns\u0103 \u0219i curajul interior care te face unic. Dezv\u0103luie-\u021bi secretul &#8211; apa de parfum, care nu numai c\u0103 atrage aten\u021bia, dar creeaz\u0103 \u0219i magia misterului \u0219i atmosfera plin\u0103 de seduc\u021bie, \u00een care te bucuri de fiecare clip\u0103.<\/p>\n","protected":false},"excerpt":{"rendered":"<p>Bine a\u021bi venit \u00een lumea misterioas\u0103 a \u201eSecret Bomb &#8211; Lucky\u201d &#8211; o ap\u0103 de parfum care plute\u0219te \u00eentre mister<\/p>\n","protected":false},"featured_media":32376,"comment_status":"closed","ping_status":"closed","template":"","meta":[],"product_brand":[],"product_cat":[608,607,458],"product_tag":[],"class_list":{"0":"post-32776","1":"product","2":"type-product","3":"status-publish","4":"has-post-thumbnail","6":"product_cat-produse-cosmetice","7":"product_cat-femei-ro","8":"product_cat-parfumuri","10":"first","11":"outofstock","12":"purchasable","13":"product-type-simple"},"_links":{"self":[{"href":"https:\/\/rosmary.eu\/ro\/wp-json\/wp\/v2\/product\/32776","targetHints":{"allow":["GET"]}}],"collection":[{"href":"https:\/\/rosmary.eu\/ro\/wp-json\/wp\/v2\/product"}],"about":[{"href":"https:\/\/rosmary.eu\/ro\/wp-json\/wp\/v2\/types\/product"}],"replies":[{"embeddable":true,"href":"https:\/\/rosmary.eu\/ro\/wp-json\/wp\/v2\/comments?post=32776"}],"version-history":[{"count":0,"href":"https:\/\/rosmary.eu\/ro\/wp-json\/wp\/v2\/product\/32776\/revisions"}],"wp:featuredmedia":[{"embeddable":true,"href":"https:\/\/rosmary.eu\/ro\/wp-json\/wp\/v2\/media\/32376"}],"wp:attachment":[{"href":"https:\/\/rosmary.eu\/ro\/wp-json\/wp\/v2\/media?parent=32776"}],"wp:term":[{"taxonomy":"product_brand","embeddable":true,"href":"https:\/\/rosmary.eu\/ro\/wp-json\/wp\/v2\/product_brand?post=32776"},{"taxonomy":"product_cat","embeddable":true,"href":"https:\/\/rosmary.eu\/ro\/wp-json\/wp\/v2\/product_cat?post=32776"},{"taxonomy":"product_tag","embeddable":true,"href":"https:\/\/rosmary.eu\/ro\/wp-json\/wp\/v2\/product_tag?post=32776"}],"curies":[{"name":"wp","href":"https:\/\/api.w.org\/{rel}","templated":true}]}}