{"id":32773,"date":"2024-02-08T09:59:50","date_gmt":"2024-02-08T06:59:50","guid":{"rendered":"https:\/\/rosmary.eu\/produkt\/apa-de-parfum-avent-dore-lucky-35-ml\/"},"modified":"2024-02-08T09:59:50","modified_gmt":"2024-02-08T09:59:50","slug":"apa-de-parfum-avent-dore-lucky-35-ml","status":"publish","type":"product","link":"https:\/\/rosmary.eu\/ro\/produkt\/apa-de-parfum-avent-dore-lucky-35-ml\/","title":{"rendered":"Apa de parfum Avent Dore &#8211; Lucky, 35 ml"},"content":{"rendered":"<p>V\u0103 prezent\u0103m \u201eAvent Dore &#8211; Lucky\u201d &#8211; o ap\u0103 de parfum care zboar\u0103 \u00eentre rafinamentul notelor clasice \u0219i prospe\u021bimea parfumurilor moderne. Conceput pentru femeia care stie sa atraga atentia si sa lase o impresie de neuitat.<\/p>\n<p>Combin\u00e2nd acorduri florale subtile cu note de lemn \u0219i vanilie, ofer\u0103 o c\u0103l\u0103torie aromatic\u0103 unic\u0103 \u0219i seduc\u0103toare. Parfumul s\u0103u delicat \u0219i de lung\u0103 durat\u0103 este o alegere ideal\u0103 pentru fiecare zi, ad\u0103ug\u00e2nd o not\u0103 de lux \u0219i elegan\u021b\u0103 stilului t\u0103u.<\/p>\n<p>Trezi\u021bi norocul \u0219i \u00eencrederea \u00een sine cu acest parfum minunat. Las\u0103 \u201eAvent Dore &#8211; Lucky\u201d s\u0103 fie arma ta secret\u0103 pentru \u00eencrederea \u00een sine \u0219i atragerea succesului. Acum este momentul s\u0103 descoperi\u021bi \u0219i s\u0103 v\u0103 bucura\u021bi de incredibila armonie a aromelor pe care o ofer\u0103 acest parfum.<\/p>\n","protected":false},"excerpt":{"rendered":"<p>V\u0103 prezent\u0103m \u201eAvent Dore &#8211; Lucky\u201d &#8211; o ap\u0103 de parfum care zboar\u0103 \u00eentre rafinamentul notelor clasice \u0219i prospe\u021bimea parfumurilor<\/p>\n","protected":false},"featured_media":32384,"comment_status":"closed","ping_status":"closed","template":"","meta":[],"product_brand":[],"product_cat":[608,607,458],"product_tag":[],"class_list":{"0":"post-32773","1":"product","2":"type-product","3":"status-publish","4":"has-post-thumbnail","6":"product_cat-produse-cosmetice","7":"product_cat-femei-ro","8":"product_cat-parfumuri","10":"first","11":"instock","12":"sale","13":"purchasable","14":"product-type-simple"},"_links":{"self":[{"href":"https:\/\/rosmary.eu\/ro\/wp-json\/wp\/v2\/product\/32773","targetHints":{"allow":["GET"]}}],"collection":[{"href":"https:\/\/rosmary.eu\/ro\/wp-json\/wp\/v2\/product"}],"about":[{"href":"https:\/\/rosmary.eu\/ro\/wp-json\/wp\/v2\/types\/product"}],"replies":[{"embeddable":true,"href":"https:\/\/rosmary.eu\/ro\/wp-json\/wp\/v2\/comments?post=32773"}],"version-history":[{"count":0,"href":"https:\/\/rosmary.eu\/ro\/wp-json\/wp\/v2\/product\/32773\/revisions"}],"wp:featuredmedia":[{"embeddable":true,"href":"https:\/\/rosmary.eu\/ro\/wp-json\/wp\/v2\/media\/32384"}],"wp:attachment":[{"href":"https:\/\/rosmary.eu\/ro\/wp-json\/wp\/v2\/media?parent=32773"}],"wp:term":[{"taxonomy":"product_brand","embeddable":true,"href":"https:\/\/rosmary.eu\/ro\/wp-json\/wp\/v2\/product_brand?post=32773"},{"taxonomy":"product_cat","embeddable":true,"href":"https:\/\/rosmary.eu\/ro\/wp-json\/wp\/v2\/product_cat?post=32773"},{"taxonomy":"product_tag","embeddable":true,"href":"https:\/\/rosmary.eu\/ro\/wp-json\/wp\/v2\/product_tag?post=32773"}],"curies":[{"name":"wp","href":"https:\/\/api.w.org\/{rel}","templated":true}]}}