{"id":32770,"date":"2024-02-12T12:22:23","date_gmt":"2024-02-12T09:22:23","guid":{"rendered":"https:\/\/rosmary.eu\/?post_type=product&#038;p=32770"},"modified":"2025-02-15T10:59:05","modified_gmt":"2025-02-15T07:59:05","slug":"martisori-10-buc-2","status":"publish","type":"product","link":"https:\/\/rosmary.eu\/ro\/produkt\/martisori-10-buc-2\/","title":{"rendered":"Mar\u021bisori &#8211; 10 buc."},"content":{"rendered":"<p>Umple-\u021bi ziua de prim\u0103var\u0103 cu semnifica\u021bie simbolic\u0103 \u0219i c\u0103ldur\u0103, aleg\u00e2nd mar\u021bisori unici! Exprim\u0103-\u021bi dragostea, fericirea \u0219i bun\u0103starea cu acest obicei tradi\u021bional roman care \u00ee\u021bi aduce inima prim\u0103verii direct la tine.<\/p>\n<p>Sunt facute pe mana, cu aten\u021bie la detalii, de artizani pricepu\u021bi care au grij\u0103 de fiecare fir \u0219i m\u0103rgele. Materialele atent alese \u0219i culorile frumoase \u00eel fac unic \u0219i special.<\/p>\n<p>Descoperi\u021bi o varietate de modele care reflect\u0103 personalitatea \u0219i stilul dumneavoastr\u0103. Fie c\u0103 cau\u021bi alb \u0219i ro\u0219u clasic sau preferi interpret\u0103ri moderne cu culori \u0219i forme uimitoare, avem ceva pentru fiecare gust \u0219i preferin\u021b\u0103.<\/p>\n<p>Ofer\u0103 un cadou unei persoane dragi sau cump\u0103r\u0103 c\u00e2teva pentru a \u00eemp\u0103rt\u0103\u0219i bucuria prim\u0103verii cu prietenii \u0219i familia ta. Marteni\u021bii no\u0219tri sunt modalitatea perfect\u0103 de a v\u0103 decora hainele \u0219i de a aduce spiritul tradi\u021biei \u00een via\u021ba de zi cu zi.<\/p>\n<p>Acum este momentul s\u0103 v\u0103 bucura\u021bi de frumuse\u021bea \u0219i semnifica\u021bia martenitsa, comanda\u021bi-l online \u0219i cufunda\u021bi-v\u0103 \u00een magia prim\u0103verii!<\/p>\n","protected":false},"excerpt":{"rendered":"<p>Umple-\u021bi ziua de prim\u0103var\u0103 cu semnifica\u021bie simbolic\u0103 \u0219i c\u0103ldur\u0103, aleg\u00e2nd mar\u021bisori unici! Exprim\u0103-\u021bi dragostea, fericirea \u0219i bun\u0103starea cu acest obicei<\/p>\n","protected":false},"featured_media":30175,"comment_status":"closed","ping_status":"closed","template":"","meta":[],"product_brand":[],"product_cat":[669],"product_tag":[],"class_list":{"0":"post-32770","1":"product","2":"type-product","3":"status-publish","4":"has-post-thumbnail","6":"product_cat-articoli-de-uz-casnic","8":"first","9":"instock","10":"taxable","11":"shipping-taxable","12":"purchasable","13":"product-type-simple"},"_links":{"self":[{"href":"https:\/\/rosmary.eu\/ro\/wp-json\/wp\/v2\/product\/32770","targetHints":{"allow":["GET"]}}],"collection":[{"href":"https:\/\/rosmary.eu\/ro\/wp-json\/wp\/v2\/product"}],"about":[{"href":"https:\/\/rosmary.eu\/ro\/wp-json\/wp\/v2\/types\/product"}],"replies":[{"embeddable":true,"href":"https:\/\/rosmary.eu\/ro\/wp-json\/wp\/v2\/comments?post=32770"}],"version-history":[{"count":1,"href":"https:\/\/rosmary.eu\/ro\/wp-json\/wp\/v2\/product\/32770\/revisions"}],"predecessor-version":[{"id":33192,"href":"https:\/\/rosmary.eu\/ro\/wp-json\/wp\/v2\/product\/32770\/revisions\/33192"}],"wp:featuredmedia":[{"embeddable":true,"href":"https:\/\/rosmary.eu\/ro\/wp-json\/wp\/v2\/media\/30175"}],"wp:attachment":[{"href":"https:\/\/rosmary.eu\/ro\/wp-json\/wp\/v2\/media?parent=32770"}],"wp:term":[{"taxonomy":"product_brand","embeddable":true,"href":"https:\/\/rosmary.eu\/ro\/wp-json\/wp\/v2\/product_brand?post=32770"},{"taxonomy":"product_cat","embeddable":true,"href":"https:\/\/rosmary.eu\/ro\/wp-json\/wp\/v2\/product_cat?post=32770"},{"taxonomy":"product_tag","embeddable":true,"href":"https:\/\/rosmary.eu\/ro\/wp-json\/wp\/v2\/product_tag?post=32770"}],"curies":[{"name":"wp","href":"https:\/\/api.w.org\/{rel}","templated":true}]}}