{"id":30520,"date":"2024-02-27T12:54:57","date_gmt":"2024-02-27T09:54:57","guid":{"rendered":"https:\/\/rosmary.eu\/?post_type=product&#038;p=30520"},"modified":"2024-07-07T18:17:52","modified_gmt":"2024-07-07T18:17:52","slug":"rulouri-de-bucatarie-lindy-2-bucati-dublu-stratificat-copy","status":"publish","type":"product","link":"https:\/\/rosmary.eu\/ro\/produkt\/rulouri-de-bucatarie-lindy-2-bucati-dublu-stratificat-copy\/","title":{"rendered":"Role de bucatarie Lindy &#8211; 2 buc, doi straturi ,aroma de piersic"},"content":{"rendered":"<p>Rulouri de buc\u0103t\u0103rie Lindy &#8211; 2 buc\u0103\u021bi, dublu stratificat<\/p>\n","protected":false},"excerpt":{"rendered":"<p>Rulouri de buc\u0103t\u0103rie Lindy &#8211; 2 buc\u0103\u021bi, dublu stratificat<\/p>\n","protected":false},"featured_media":31374,"comment_status":"closed","ping_status":"closed","template":"","meta":[],"product_brand":[],"product_cat":[670,495],"product_tag":[],"class_list":{"0":"post-30520","1":"product","2":"type-product","3":"status-publish","4":"has-post-thumbnail","6":"product_cat-articoli-casnice","7":"product_cat-rola-de-bucatarie","9":"first","10":"outofstock","11":"purchasable","12":"product-type-simple"},"_links":{"self":[{"href":"https:\/\/rosmary.eu\/ro\/wp-json\/wp\/v2\/product\/30520","targetHints":{"allow":["GET"]}}],"collection":[{"href":"https:\/\/rosmary.eu\/ro\/wp-json\/wp\/v2\/product"}],"about":[{"href":"https:\/\/rosmary.eu\/ro\/wp-json\/wp\/v2\/types\/product"}],"replies":[{"embeddable":true,"href":"https:\/\/rosmary.eu\/ro\/wp-json\/wp\/v2\/comments?post=30520"}],"version-history":[{"count":2,"href":"https:\/\/rosmary.eu\/ro\/wp-json\/wp\/v2\/product\/30520\/revisions"}],"predecessor-version":[{"id":32766,"href":"https:\/\/rosmary.eu\/ro\/wp-json\/wp\/v2\/product\/30520\/revisions\/32766"}],"wp:featuredmedia":[{"embeddable":true,"href":"https:\/\/rosmary.eu\/ro\/wp-json\/wp\/v2\/media\/31374"}],"wp:attachment":[{"href":"https:\/\/rosmary.eu\/ro\/wp-json\/wp\/v2\/media?parent=30520"}],"wp:term":[{"taxonomy":"product_brand","embeddable":true,"href":"https:\/\/rosmary.eu\/ro\/wp-json\/wp\/v2\/product_brand?post=30520"},{"taxonomy":"product_cat","embeddable":true,"href":"https:\/\/rosmary.eu\/ro\/wp-json\/wp\/v2\/product_cat?post=30520"},{"taxonomy":"product_tag","embeddable":true,"href":"https:\/\/rosmary.eu\/ro\/wp-json\/wp\/v2\/product_tag?post=30520"}],"curies":[{"name":"wp","href":"https:\/\/api.w.org\/{rel}","templated":true}]}}