{"id":29826,"date":"2024-02-08T06:33:49","date_gmt":"2024-02-08T03:33:49","guid":{"rendered":"https:\/\/rosmary.eu\/?post_type=product&#038;p=29826"},"modified":"2024-07-07T19:53:46","modified_gmt":"2024-07-07T19:53:46","slug":"koppa-kabana-lucky-30-ml-copy","status":"publish","type":"product","link":"https:\/\/rosmary.eu\/ro\/produkt\/koppa-kabana-lucky-30-ml-copy\/","title":{"rendered":"Apa de parfum Grasiela &#8211; Lucky, 30 ml"},"content":{"rendered":"<p>Apa de parfum Grasiela &#8211; Lucky, 30 ml &#8211; seria Lucky. Ambalajul de 30 ml este potrivit pentru a fi purtat \u00een geant\u0103, astfel \u00eenc\u00e2t s\u0103 v\u0103 pute\u021bi re\u00eennoi parfumul \u00een orice moment!<\/p>\n","protected":false},"excerpt":{"rendered":"<p>Apa de parfum Grasiela &#8211; Lucky, 30 ml &#8211; seria Lucky. Ambalajul de 30 ml este potrivit pentru a fi<\/p>\n","protected":false},"featured_media":32439,"comment_status":"closed","ping_status":"closed","template":"","meta":[],"product_brand":[],"product_cat":[608,607,458],"product_tag":[],"class_list":{"0":"post-29826","1":"product","2":"type-product","3":"status-publish","4":"has-post-thumbnail","6":"product_cat-produse-cosmetice","7":"product_cat-femei-ro","8":"product_cat-parfumuri","10":"first","11":"instock","12":"purchasable","13":"product-type-simple"},"_links":{"self":[{"href":"https:\/\/rosmary.eu\/ro\/wp-json\/wp\/v2\/product\/29826","targetHints":{"allow":["GET"]}}],"collection":[{"href":"https:\/\/rosmary.eu\/ro\/wp-json\/wp\/v2\/product"}],"about":[{"href":"https:\/\/rosmary.eu\/ro\/wp-json\/wp\/v2\/types\/product"}],"replies":[{"embeddable":true,"href":"https:\/\/rosmary.eu\/ro\/wp-json\/wp\/v2\/comments?post=29826"}],"version-history":[{"count":2,"href":"https:\/\/rosmary.eu\/ro\/wp-json\/wp\/v2\/product\/29826\/revisions"}],"predecessor-version":[{"id":32800,"href":"https:\/\/rosmary.eu\/ro\/wp-json\/wp\/v2\/product\/29826\/revisions\/32800"}],"wp:featuredmedia":[{"embeddable":true,"href":"https:\/\/rosmary.eu\/ro\/wp-json\/wp\/v2\/media\/32439"}],"wp:attachment":[{"href":"https:\/\/rosmary.eu\/ro\/wp-json\/wp\/v2\/media?parent=29826"}],"wp:term":[{"taxonomy":"product_brand","embeddable":true,"href":"https:\/\/rosmary.eu\/ro\/wp-json\/wp\/v2\/product_brand?post=29826"},{"taxonomy":"product_cat","embeddable":true,"href":"https:\/\/rosmary.eu\/ro\/wp-json\/wp\/v2\/product_cat?post=29826"},{"taxonomy":"product_tag","embeddable":true,"href":"https:\/\/rosmary.eu\/ro\/wp-json\/wp\/v2\/product_tag?post=29826"}],"curies":[{"name":"wp","href":"https:\/\/api.w.org\/{rel}","templated":true}]}}