{"id":29403,"date":"2024-02-06T07:34:22","date_gmt":"2024-02-06T07:34:22","guid":{"rendered":"https:\/\/rosmary.eu\/?post_type=product&#038;p=29403"},"modified":"2024-07-08T09:40:06","modified_gmt":"2024-07-08T09:40:06","slug":"periuta-de-dinti-colgate-charcoal-gold-soft-360-copy-2","status":"publish","type":"product","link":"https:\/\/rosmary.eu\/ro\/produkt\/periuta-de-dinti-colgate-charcoal-gold-soft-360-copy-2\/","title":{"rendered":"Periuta de dinti Oral-B Charcoal Sensitive"},"content":{"rendered":"<p>Periu\u021ba de din\u021bi Oral-B Charcoal Sensitive este special conceput\u0103 pentru din\u021bii \u0219i gingiile sensibile Cur\u0103\u021b\u0103 perfect de plac\u0103 \u0219i murd\u0103rie ajung\u00e2nd c\u00e2t mai aproape de linia gingiei Capul mic ajunge cu succes chiar \u0219i la din\u021bii din spate \u0219i asigur\u0103 astfel o calitate \u0219i o igien\u0103 oral\u0103 complet\u0103<\/p>\n","protected":false},"excerpt":{"rendered":"<p>Periu\u021ba de din\u021bi Oral-B Charcoal Sensitive este special conceput\u0103 pentru din\u021bii \u0219i gingiile sensibile Cur\u0103\u021b\u0103 perfect de plac\u0103 \u0219i murd\u0103rie<\/p>\n","protected":false},"featured_media":31657,"comment_status":"closed","ping_status":"closed","template":"","meta":[],"product_brand":[],"product_cat":[552],"product_tag":[],"class_list":{"0":"post-29403","1":"product","2":"type-product","3":"status-publish","4":"has-post-thumbnail","6":"product_cat-periuta-de-dinti","8":"first","9":"instock","10":"purchasable","11":"product-type-simple"},"_links":{"self":[{"href":"https:\/\/rosmary.eu\/ro\/wp-json\/wp\/v2\/product\/29403","targetHints":{"allow":["GET"]}}],"collection":[{"href":"https:\/\/rosmary.eu\/ro\/wp-json\/wp\/v2\/product"}],"about":[{"href":"https:\/\/rosmary.eu\/ro\/wp-json\/wp\/v2\/types\/product"}],"replies":[{"embeddable":true,"href":"https:\/\/rosmary.eu\/ro\/wp-json\/wp\/v2\/comments?post=29403"}],"version-history":[{"count":2,"href":"https:\/\/rosmary.eu\/ro\/wp-json\/wp\/v2\/product\/29403\/revisions"}],"predecessor-version":[{"id":32909,"href":"https:\/\/rosmary.eu\/ro\/wp-json\/wp\/v2\/product\/29403\/revisions\/32909"}],"wp:featuredmedia":[{"embeddable":true,"href":"https:\/\/rosmary.eu\/ro\/wp-json\/wp\/v2\/media\/31657"}],"wp:attachment":[{"href":"https:\/\/rosmary.eu\/ro\/wp-json\/wp\/v2\/media?parent=29403"}],"wp:term":[{"taxonomy":"product_brand","embeddable":true,"href":"https:\/\/rosmary.eu\/ro\/wp-json\/wp\/v2\/product_brand?post=29403"},{"taxonomy":"product_cat","embeddable":true,"href":"https:\/\/rosmary.eu\/ro\/wp-json\/wp\/v2\/product_cat?post=29403"},{"taxonomy":"product_tag","embeddable":true,"href":"https:\/\/rosmary.eu\/ro\/wp-json\/wp\/v2\/product_tag?post=29403"}],"curies":[{"name":"wp","href":"https:\/\/api.w.org\/{rel}","templated":true}]}}