{"id":28630,"date":"2024-02-02T07:02:10","date_gmt":"2024-02-02T04:02:10","guid":{"rendered":"https:\/\/rosmary.eu\/?post_type=product&#038;p=28630"},"modified":"2024-02-02T07:05:17","modified_gmt":"2024-02-02T07:05:17","slug":"euterpa-edp-independent-100-ml-copy-copy","status":"publish","type":"product","link":"https:\/\/rosmary.eu\/ro\/produkt\/euterpa-edp-independent-100-ml-copy-copy\/","title":{"rendered":"Euterpa EDP Independent, 100 ml (Copy) (Copy)"},"content":{"rendered":"<p>Euterpa EDP Independent este o ap\u0103 de toalet\u0103 pentru b\u0103rba\u021bi.<\/p>\n","protected":false},"excerpt":{"rendered":"<p>Euterpa EDP Independent este o ap\u0103 de toalet\u0103 pentru b\u0103rba\u021bi.<\/p>\n","protected":false},"featured_media":32472,"comment_status":"closed","ping_status":"closed","template":"","meta":[],"product_brand":[],"product_cat":[608,607,458],"product_tag":[],"class_list":{"0":"post-28630","1":"product","2":"type-product","3":"status-publish","4":"has-post-thumbnail","6":"product_cat-produse-cosmetice","7":"product_cat-femei-ro","8":"product_cat-parfumuri","10":"first","11":"outofstock","12":"purchasable","13":"product-type-simple"},"_links":{"self":[{"href":"https:\/\/rosmary.eu\/ro\/wp-json\/wp\/v2\/product\/28630","targetHints":{"allow":["GET"]}}],"collection":[{"href":"https:\/\/rosmary.eu\/ro\/wp-json\/wp\/v2\/product"}],"about":[{"href":"https:\/\/rosmary.eu\/ro\/wp-json\/wp\/v2\/types\/product"}],"replies":[{"embeddable":true,"href":"https:\/\/rosmary.eu\/ro\/wp-json\/wp\/v2\/comments?post=28630"}],"version-history":[{"count":1,"href":"https:\/\/rosmary.eu\/ro\/wp-json\/wp\/v2\/product\/28630\/revisions"}],"predecessor-version":[{"id":28633,"href":"https:\/\/rosmary.eu\/ro\/wp-json\/wp\/v2\/product\/28630\/revisions\/28633"}],"wp:featuredmedia":[{"embeddable":true,"href":"https:\/\/rosmary.eu\/ro\/wp-json\/wp\/v2\/media\/32472"}],"wp:attachment":[{"href":"https:\/\/rosmary.eu\/ro\/wp-json\/wp\/v2\/media?parent=28630"}],"wp:term":[{"taxonomy":"product_brand","embeddable":true,"href":"https:\/\/rosmary.eu\/ro\/wp-json\/wp\/v2\/product_brand?post=28630"},{"taxonomy":"product_cat","embeddable":true,"href":"https:\/\/rosmary.eu\/ro\/wp-json\/wp\/v2\/product_cat?post=28630"},{"taxonomy":"product_tag","embeddable":true,"href":"https:\/\/rosmary.eu\/ro\/wp-json\/wp\/v2\/product_tag?post=28630"}],"curies":[{"name":"wp","href":"https:\/\/api.w.org\/{rel}","templated":true}]}}