{"id":28621,"date":"2024-02-01T12:12:27","date_gmt":"2024-02-01T09:12:27","guid":{"rendered":"https:\/\/rosmary.eu\/?post_type=product&#038;p=28621"},"modified":"2024-02-01T12:14:55","modified_gmt":"2024-02-01T12:14:55","slug":"euterpa-edp-independent-100-ml-copy","status":"publish","type":"product","link":"https:\/\/rosmary.eu\/ro\/produkt\/euterpa-edp-independent-100-ml-copy\/","title":{"rendered":"Euterpa EDP Independent, 100 ml (Copy)"},"content":{"rendered":"<p>Euterpa EDP Independent este o ap\u0103 de toalet\u0103 pentru b\u0103rba\u021bi.<\/p>\n","protected":false},"excerpt":{"rendered":"<p>Euterpa EDP Independent este o ap\u0103 de toalet\u0103 pentru b\u0103rba\u021bi.<\/p>\n","protected":false},"featured_media":32475,"comment_status":"closed","ping_status":"closed","template":"","meta":[],"product_brand":[],"product_cat":[551],"product_tag":[],"class_list":{"0":"post-28621","1":"product","2":"type-product","3":"status-publish","4":"has-post-thumbnail","6":"product_cat-parfumuri-ro","8":"first","9":"instock","10":"purchasable","11":"product-type-simple"},"_links":{"self":[{"href":"https:\/\/rosmary.eu\/ro\/wp-json\/wp\/v2\/product\/28621","targetHints":{"allow":["GET"]}}],"collection":[{"href":"https:\/\/rosmary.eu\/ro\/wp-json\/wp\/v2\/product"}],"about":[{"href":"https:\/\/rosmary.eu\/ro\/wp-json\/wp\/v2\/types\/product"}],"replies":[{"embeddable":true,"href":"https:\/\/rosmary.eu\/ro\/wp-json\/wp\/v2\/comments?post=28621"}],"version-history":[{"count":1,"href":"https:\/\/rosmary.eu\/ro\/wp-json\/wp\/v2\/product\/28621\/revisions"}],"predecessor-version":[{"id":28624,"href":"https:\/\/rosmary.eu\/ro\/wp-json\/wp\/v2\/product\/28621\/revisions\/28624"}],"wp:featuredmedia":[{"embeddable":true,"href":"https:\/\/rosmary.eu\/ro\/wp-json\/wp\/v2\/media\/32475"}],"wp:attachment":[{"href":"https:\/\/rosmary.eu\/ro\/wp-json\/wp\/v2\/media?parent=28621"}],"wp:term":[{"taxonomy":"product_brand","embeddable":true,"href":"https:\/\/rosmary.eu\/ro\/wp-json\/wp\/v2\/product_brand?post=28621"},{"taxonomy":"product_cat","embeddable":true,"href":"https:\/\/rosmary.eu\/ro\/wp-json\/wp\/v2\/product_cat?post=28621"},{"taxonomy":"product_tag","embeddable":true,"href":"https:\/\/rosmary.eu\/ro\/wp-json\/wp\/v2\/product_tag?post=28621"}],"curies":[{"name":"wp","href":"https:\/\/api.w.org\/{rel}","templated":true}]}}