{"id":26952,"date":"2024-01-22T14:33:07","date_gmt":"2024-01-22T11:33:07","guid":{"rendered":"https:\/\/rosmary.eu\/?post_type=product&#038;p=26952"},"modified":"2025-02-15T11:10:53","modified_gmt":"2025-02-15T08:10:53","slug":"casa-minunata-patura-cocolino-200x230-cm-mov-copy","status":"publish","type":"product","link":"https:\/\/rosmary.eu\/ro\/produkt\/casa-minunata-patura-cocolino-200x230-cm-mov-copy\/","title":{"rendered":"Casa Minunata &#8211; P\u0103tur\u0103 Cocolino, 200&#215;230 cm, mov (Copy)"},"content":{"rendered":"<p>P\u0103tura Cocolino este pufoas\u0103 \u0219i potrivit\u0103 pentru orice sear\u0103 r\u0103coroas\u0103. C\u00e2nt\u0103rind \u00een jur de 700-800 de grame, este u\u0219or \u0219i confortabil. Dimensiuni pentru pat dublu &#8211; 200&#215;230 cm.<br \/>\nLivrare: p\u00e2n\u0103 la 6 zile lucr\u0103toare<br \/>\nProduc\u0103tor:Rom\u00e2nia<\/p>\n","protected":false},"excerpt":{"rendered":"<p>P\u0103tura Cocolino este pufoas\u0103 \u0219i potrivit\u0103 pentru orice sear\u0103 r\u0103coroas\u0103. C\u00e2nt\u0103rind \u00een jur de 700-800 de grame, este u\u0219or \u0219i<\/p>\n","protected":false},"featured_media":23642,"comment_status":"closed","ping_status":"closed","template":"","meta":[],"product_brand":[],"product_cat":[497],"product_tag":[],"class_list":{"0":"post-26952","1":"product","2":"type-product","3":"status-publish","4":"has-post-thumbnail","6":"product_cat-paturi","8":"first","9":"outofstock","10":"sale","11":"purchasable","12":"product-type-simple"},"_links":{"self":[{"href":"https:\/\/rosmary.eu\/ro\/wp-json\/wp\/v2\/product\/26952","targetHints":{"allow":["GET"]}}],"collection":[{"href":"https:\/\/rosmary.eu\/ro\/wp-json\/wp\/v2\/product"}],"about":[{"href":"https:\/\/rosmary.eu\/ro\/wp-json\/wp\/v2\/types\/product"}],"replies":[{"embeddable":true,"href":"https:\/\/rosmary.eu\/ro\/wp-json\/wp\/v2\/comments?post=26952"}],"version-history":[{"count":1,"href":"https:\/\/rosmary.eu\/ro\/wp-json\/wp\/v2\/product\/26952\/revisions"}],"predecessor-version":[{"id":33202,"href":"https:\/\/rosmary.eu\/ro\/wp-json\/wp\/v2\/product\/26952\/revisions\/33202"}],"wp:featuredmedia":[{"embeddable":true,"href":"https:\/\/rosmary.eu\/ro\/wp-json\/wp\/v2\/media\/23642"}],"wp:attachment":[{"href":"https:\/\/rosmary.eu\/ro\/wp-json\/wp\/v2\/media?parent=26952"}],"wp:term":[{"taxonomy":"product_brand","embeddable":true,"href":"https:\/\/rosmary.eu\/ro\/wp-json\/wp\/v2\/product_brand?post=26952"},{"taxonomy":"product_cat","embeddable":true,"href":"https:\/\/rosmary.eu\/ro\/wp-json\/wp\/v2\/product_cat?post=26952"},{"taxonomy":"product_tag","embeddable":true,"href":"https:\/\/rosmary.eu\/ro\/wp-json\/wp\/v2\/product_tag?post=26952"}],"curies":[{"name":"wp","href":"https:\/\/api.w.org\/{rel}","templated":true}]}}