{"id":26758,"date":"2024-01-22T09:38:18","date_gmt":"2024-01-22T06:38:18","guid":{"rendered":"https:\/\/rosmary.eu\/?post_type=product&#038;p=26758"},"modified":"2024-01-22T09:42:22","modified_gmt":"2024-01-22T09:42:22","slug":"casa-minunata-cuvertura-din-5-piese-230x250-mov-pe-cutii-de-albine-copy","status":"publish","type":"product","link":"https:\/\/rosmary.eu\/ro\/produkt\/casa-minunata-cuvertura-din-5-piese-230x250-mov-pe-cutii-de-albine-copy\/","title":{"rendered":"Casa Minunata &#8211; cuvertur\u0103 din 5 piese, 230&#215;250, mov pe cutii de albine (Copy)"},"content":{"rendered":"<p>Dimensiunea capacului &#8211; 230\/250 x 1 buc.<br \/>\nCaz &#8211; 60\/80 x 2 buc.<br \/>\nCaz &#8211; 55\/55 x 2 buc.<br \/>\nLivrare: p\u00e2n\u0103 la 6 zile lucr\u0103toare; Produc\u0103tor: Rom\u00e2nia<\/p>\n","protected":false},"excerpt":{"rendered":"<p>Dimensiunea capacului &#8211; 230\/250 x 1 buc. Caz &#8211; 60\/80 x 2 buc. Caz &#8211; 55\/55 x 2 buc. Livrare:<\/p>\n","protected":false},"featured_media":26810,"comment_status":"closed","ping_status":"closed","template":"","meta":[],"product_brand":[],"product_cat":[502],"product_tag":[],"class_list":{"0":"post-26758","1":"product","2":"type-product","3":"status-publish","4":"has-post-thumbnail","6":"product_cat-acoperire-in-5-parti","8":"first","9":"outofstock","10":"sale","11":"purchasable","12":"product-type-simple"},"_links":{"self":[{"href":"https:\/\/rosmary.eu\/ro\/wp-json\/wp\/v2\/product\/26758","targetHints":{"allow":["GET"]}}],"collection":[{"href":"https:\/\/rosmary.eu\/ro\/wp-json\/wp\/v2\/product"}],"about":[{"href":"https:\/\/rosmary.eu\/ro\/wp-json\/wp\/v2\/types\/product"}],"replies":[{"embeddable":true,"href":"https:\/\/rosmary.eu\/ro\/wp-json\/wp\/v2\/comments?post=26758"}],"version-history":[{"count":1,"href":"https:\/\/rosmary.eu\/ro\/wp-json\/wp\/v2\/product\/26758\/revisions"}],"predecessor-version":[{"id":26815,"href":"https:\/\/rosmary.eu\/ro\/wp-json\/wp\/v2\/product\/26758\/revisions\/26815"}],"wp:featuredmedia":[{"embeddable":true,"href":"https:\/\/rosmary.eu\/ro\/wp-json\/wp\/v2\/media\/26810"}],"wp:attachment":[{"href":"https:\/\/rosmary.eu\/ro\/wp-json\/wp\/v2\/media?parent=26758"}],"wp:term":[{"taxonomy":"product_brand","embeddable":true,"href":"https:\/\/rosmary.eu\/ro\/wp-json\/wp\/v2\/product_brand?post=26758"},{"taxonomy":"product_cat","embeddable":true,"href":"https:\/\/rosmary.eu\/ro\/wp-json\/wp\/v2\/product_cat?post=26758"},{"taxonomy":"product_tag","embeddable":true,"href":"https:\/\/rosmary.eu\/ro\/wp-json\/wp\/v2\/product_tag?post=26758"}],"curies":[{"name":"wp","href":"https:\/\/api.w.org\/{rel}","templated":true}]}}