{"id":26138,"date":"2024-01-18T08:59:57","date_gmt":"2024-01-18T08:59:57","guid":{"rendered":"https:\/\/rosmary.eu\/?post_type=product&#038;p=26138"},"modified":"2024-01-18T09:03:32","modified_gmt":"2024-01-18T09:03:32","slug":"medix-carpets-2in1-gel-activ-pentru-covoare-500-ml-copy","status":"publish","type":"product","link":"https:\/\/rosmary.eu\/ro\/produkt\/medix-carpets-2in1-gel-activ-pentru-covoare-500-ml-copy\/","title":{"rendered":"Medix Carpets 2\u00een1 &#8211; gel activ pentru covoare, 500 ml (Copy)"},"content":{"rendered":"<p>Medix Carpets 2\u00een1 &#8211; gel activ pentru covoare cur\u0103\u021b\u0103 petele \u0219i \u00eemprosp\u0103teaz\u0103 tapi\u021beria \u0219i covoarele.<\/p>\n","protected":false},"excerpt":{"rendered":"<p>Medix Carpets 2\u00een1 &#8211; gel activ pentru covoare cur\u0103\u021b\u0103 petele \u0219i \u00eemprosp\u0103teaz\u0103 tapi\u021beria \u0219i covoarele.<\/p>\n","protected":false},"featured_media":26146,"comment_status":"closed","ping_status":"closed","template":"","meta":[],"product_brand":[],"product_cat":[540],"product_tag":[],"class_list":{"0":"post-26138","1":"product","2":"type-product","3":"status-publish","4":"has-post-thumbnail","6":"product_cat-pregatiri-pentru-covoare","8":"first","9":"outofstock","10":"purchasable","11":"product-type-simple"},"_links":{"self":[{"href":"https:\/\/rosmary.eu\/ro\/wp-json\/wp\/v2\/product\/26138","targetHints":{"allow":["GET"]}}],"collection":[{"href":"https:\/\/rosmary.eu\/ro\/wp-json\/wp\/v2\/product"}],"about":[{"href":"https:\/\/rosmary.eu\/ro\/wp-json\/wp\/v2\/types\/product"}],"replies":[{"embeddable":true,"href":"https:\/\/rosmary.eu\/ro\/wp-json\/wp\/v2\/comments?post=26138"}],"version-history":[{"count":1,"href":"https:\/\/rosmary.eu\/ro\/wp-json\/wp\/v2\/product\/26138\/revisions"}],"predecessor-version":[{"id":26141,"href":"https:\/\/rosmary.eu\/ro\/wp-json\/wp\/v2\/product\/26138\/revisions\/26141"}],"wp:featuredmedia":[{"embeddable":true,"href":"https:\/\/rosmary.eu\/ro\/wp-json\/wp\/v2\/media\/26146"}],"wp:attachment":[{"href":"https:\/\/rosmary.eu\/ro\/wp-json\/wp\/v2\/media?parent=26138"}],"wp:term":[{"taxonomy":"product_brand","embeddable":true,"href":"https:\/\/rosmary.eu\/ro\/wp-json\/wp\/v2\/product_brand?post=26138"},{"taxonomy":"product_cat","embeddable":true,"href":"https:\/\/rosmary.eu\/ro\/wp-json\/wp\/v2\/product_cat?post=26138"},{"taxonomy":"product_tag","embeddable":true,"href":"https:\/\/rosmary.eu\/ro\/wp-json\/wp\/v2\/product_tag?post=26138"}],"curies":[{"name":"wp","href":"https:\/\/api.w.org\/{rel}","templated":true}]}}