{"id":24789,"date":"2023-06-22T11:43:35","date_gmt":"2023-06-22T11:43:35","guid":{"rendered":"https:\/\/rosmary.eu\/produkt\/rose-of-bulgaria-edp-pentru-barbati-50-ml\/"},"modified":"2023-06-22T11:43:35","modified_gmt":"2023-06-22T11:43:35","slug":"rose-of-bulgaria-edp-pentru-barbati-50-ml","status":"publish","type":"product","link":"https:\/\/rosmary.eu\/ro\/produkt\/rose-of-bulgaria-edp-pentru-barbati-50-ml\/","title":{"rendered":"Rose of Bulgaria EDP pentru b\u0103rba\u021bi, 50 ml"},"content":{"rendered":"<p>Rose of Bulgaria EDP pentru b\u0103rba\u021bi, 50 ml, este un parfum b\u0103rb\u0103tesc elegant cu arom\u0103 de trandafir.<\/p>\n","protected":false},"excerpt":{"rendered":"<p>Rose of Bulgaria EDP pentru b\u0103rba\u021bi, 50 ml, este un parfum b\u0103rb\u0103tesc elegant cu arom\u0103 de trandafir.<\/p>\n","protected":false},"featured_media":23204,"comment_status":"closed","ping_status":"closed","template":"","meta":[],"product_brand":[],"product_cat":[608,603,551],"product_tag":[],"class_list":{"0":"post-24789","1":"product","2":"type-product","3":"status-publish","4":"has-post-thumbnail","6":"product_cat-produse-cosmetice","7":"product_cat-masculin-ro","8":"product_cat-parfumuri-ro","10":"first","11":"outofstock","12":"purchasable","13":"product-type-simple"},"_links":{"self":[{"href":"https:\/\/rosmary.eu\/ro\/wp-json\/wp\/v2\/product\/24789","targetHints":{"allow":["GET"]}}],"collection":[{"href":"https:\/\/rosmary.eu\/ro\/wp-json\/wp\/v2\/product"}],"about":[{"href":"https:\/\/rosmary.eu\/ro\/wp-json\/wp\/v2\/types\/product"}],"replies":[{"embeddable":true,"href":"https:\/\/rosmary.eu\/ro\/wp-json\/wp\/v2\/comments?post=24789"}],"version-history":[{"count":0,"href":"https:\/\/rosmary.eu\/ro\/wp-json\/wp\/v2\/product\/24789\/revisions"}],"wp:featuredmedia":[{"embeddable":true,"href":"https:\/\/rosmary.eu\/ro\/wp-json\/wp\/v2\/media\/23204"}],"wp:attachment":[{"href":"https:\/\/rosmary.eu\/ro\/wp-json\/wp\/v2\/media?parent=24789"}],"wp:term":[{"taxonomy":"product_brand","embeddable":true,"href":"https:\/\/rosmary.eu\/ro\/wp-json\/wp\/v2\/product_brand?post=24789"},{"taxonomy":"product_cat","embeddable":true,"href":"https:\/\/rosmary.eu\/ro\/wp-json\/wp\/v2\/product_cat?post=24789"},{"taxonomy":"product_tag","embeddable":true,"href":"https:\/\/rosmary.eu\/ro\/wp-json\/wp\/v2\/product_tag?post=24789"}],"curies":[{"name":"wp","href":"https:\/\/api.w.org\/{rel}","templated":true}]}}