{"id":24788,"date":"2023-06-22T11:43:35","date_gmt":"2023-06-22T11:43:35","guid":{"rendered":"https:\/\/rosmary.eu\/produkt\/aparat-de-taiat-unghiile-de-la-picioare-standelli-cu-recipient\/"},"modified":"2023-06-22T11:43:35","modified_gmt":"2023-06-22T11:43:35","slug":"aparat-de-taiat-unghiile-de-la-picioare-standelli-cu-recipient","status":"publish","type":"product","link":"https:\/\/rosmary.eu\/ro\/produkt\/aparat-de-taiat-unghiile-de-la-picioare-standelli-cu-recipient\/","title":{"rendered":"Aparat de t\u0103iat unghiile de la picioare Standelli cu recipient"},"content":{"rendered":"<p>Aparatul de t\u0103iat unghiile de la picioare Standelli cu recipient este un aparat practic de t\u0103iat unghiile cu recipient pentru colectarea unghiilor t\u0103iate.<\/p>\n","protected":false},"excerpt":{"rendered":"<p>Aparatul de t\u0103iat unghiile de la picioare Standelli cu recipient este un aparat practic de t\u0103iat unghiile cu recipient pentru<\/p>\n","protected":false},"featured_media":23226,"comment_status":"closed","ping_status":"closed","template":"","meta":[],"product_brand":[],"product_cat":[608,599,571],"product_tag":[],"class_list":{"0":"post-24788","1":"product","2":"type-product","3":"status-publish","4":"has-post-thumbnail","6":"product_cat-produse-cosmetice","7":"product_cat-unisex-ro","8":"product_cat-foarfece-de-unghii","10":"first","11":"instock","12":"purchasable","13":"product-type-simple"},"_links":{"self":[{"href":"https:\/\/rosmary.eu\/ro\/wp-json\/wp\/v2\/product\/24788","targetHints":{"allow":["GET"]}}],"collection":[{"href":"https:\/\/rosmary.eu\/ro\/wp-json\/wp\/v2\/product"}],"about":[{"href":"https:\/\/rosmary.eu\/ro\/wp-json\/wp\/v2\/types\/product"}],"replies":[{"embeddable":true,"href":"https:\/\/rosmary.eu\/ro\/wp-json\/wp\/v2\/comments?post=24788"}],"version-history":[{"count":0,"href":"https:\/\/rosmary.eu\/ro\/wp-json\/wp\/v2\/product\/24788\/revisions"}],"wp:featuredmedia":[{"embeddable":true,"href":"https:\/\/rosmary.eu\/ro\/wp-json\/wp\/v2\/media\/23226"}],"wp:attachment":[{"href":"https:\/\/rosmary.eu\/ro\/wp-json\/wp\/v2\/media?parent=24788"}],"wp:term":[{"taxonomy":"product_brand","embeddable":true,"href":"https:\/\/rosmary.eu\/ro\/wp-json\/wp\/v2\/product_brand?post=24788"},{"taxonomy":"product_cat","embeddable":true,"href":"https:\/\/rosmary.eu\/ro\/wp-json\/wp\/v2\/product_cat?post=24788"},{"taxonomy":"product_tag","embeddable":true,"href":"https:\/\/rosmary.eu\/ro\/wp-json\/wp\/v2\/product_tag?post=24788"}],"curies":[{"name":"wp","href":"https:\/\/api.w.org\/{rel}","templated":true}]}}