{"id":24774,"date":"2023-06-22T11:43:28","date_gmt":"2023-06-22T08:43:28","guid":{"rendered":"https:\/\/rosmary.eu\/produkt\/evterpa-aglaya-aglaya-sapun-de-lavanda\/"},"modified":"2023-06-22T11:43:28","modified_gmt":"2023-06-22T11:43:28","slug":"evterpa-aglaya-aglaya-sapun-de-lavanda","status":"publish","type":"product","link":"https:\/\/rosmary.eu\/ro\/produkt\/evterpa-aglaya-aglaya-sapun-de-lavanda\/","title":{"rendered":"Evterpa Aglaya Aglaya S\u0103pun de lavand\u0103"},"content":{"rendered":"<p>S\u0103pun de lev\u0103n\u021bic\u0103 &#8211; cu un parfum subtil de lev\u0103n\u021bic\u0103 delicat\u0103.<\/p>\n","protected":false},"excerpt":{"rendered":"<p>S\u0103pun de lev\u0103n\u021bic\u0103 &#8211; cu un parfum subtil de lev\u0103n\u021bic\u0103 delicat\u0103.<\/p>\n","protected":false},"featured_media":23149,"comment_status":"closed","ping_status":"closed","template":"","meta":[],"product_brand":[],"product_cat":[522,590,593],"product_tag":[],"class_list":{"0":"post-24774","1":"product","2":"type-product","3":"status-publish","4":"has-post-thumbnail","6":"product_cat-sapunuri","7":"product_cat-igiena-personala","8":"product_cat-unisex","10":"first","11":"outofstock","12":"purchasable","13":"product-type-simple"},"_links":{"self":[{"href":"https:\/\/rosmary.eu\/ro\/wp-json\/wp\/v2\/product\/24774","targetHints":{"allow":["GET"]}}],"collection":[{"href":"https:\/\/rosmary.eu\/ro\/wp-json\/wp\/v2\/product"}],"about":[{"href":"https:\/\/rosmary.eu\/ro\/wp-json\/wp\/v2\/types\/product"}],"replies":[{"embeddable":true,"href":"https:\/\/rosmary.eu\/ro\/wp-json\/wp\/v2\/comments?post=24774"}],"version-history":[{"count":0,"href":"https:\/\/rosmary.eu\/ro\/wp-json\/wp\/v2\/product\/24774\/revisions"}],"wp:featuredmedia":[{"embeddable":true,"href":"https:\/\/rosmary.eu\/ro\/wp-json\/wp\/v2\/media\/23149"}],"wp:attachment":[{"href":"https:\/\/rosmary.eu\/ro\/wp-json\/wp\/v2\/media?parent=24774"}],"wp:term":[{"taxonomy":"product_brand","embeddable":true,"href":"https:\/\/rosmary.eu\/ro\/wp-json\/wp\/v2\/product_brand?post=24774"},{"taxonomy":"product_cat","embeddable":true,"href":"https:\/\/rosmary.eu\/ro\/wp-json\/wp\/v2\/product_cat?post=24774"},{"taxonomy":"product_tag","embeddable":true,"href":"https:\/\/rosmary.eu\/ro\/wp-json\/wp\/v2\/product_tag?post=24774"}],"curies":[{"name":"wp","href":"https:\/\/api.w.org\/{rel}","templated":true}]}}