{"id":24763,"date":"2023-06-22T11:43:35","date_gmt":"2023-06-22T11:43:35","guid":{"rendered":"https:\/\/rosmary.eu\/produkt\/crema-de-fata-aromata-cu-lamaie-75-ml\/"},"modified":"2023-06-22T11:43:35","modified_gmt":"2023-06-22T11:43:35","slug":"crema-de-fata-aromata-cu-lamaie-75-ml","status":"publish","type":"product","link":"https:\/\/rosmary.eu\/ro\/produkt\/crema-de-fata-aromata-cu-lamaie-75-ml\/","title":{"rendered":"Crem\u0103 de fa\u021b\u0103 aromat\u0103 cu l\u0103m\u00e2ie, 75 ml"},"content":{"rendered":"<p>Crem\u0103 de fa\u021b\u0103 aromat\u0103 cu l\u0103m\u00e2ie &#8211; protectoare.<\/p>\n","protected":false},"excerpt":{"rendered":"<p>Crem\u0103 de fa\u021b\u0103 aromat\u0103 cu l\u0103m\u00e2ie &#8211; protectoare.<\/p>\n","protected":false},"featured_media":23116,"comment_status":"closed","ping_status":"open","template":"","meta":[],"product_brand":[],"product_cat":[565],"product_tag":[],"class_list":{"0":"post-24763","1":"product","2":"type-product","3":"status-publish","4":"has-post-thumbnail","6":"product_cat-crema-de-fata","8":"first","9":"instock","10":"purchasable","11":"product-type-simple"},"_links":{"self":[{"href":"https:\/\/rosmary.eu\/ro\/wp-json\/wp\/v2\/product\/24763","targetHints":{"allow":["GET"]}}],"collection":[{"href":"https:\/\/rosmary.eu\/ro\/wp-json\/wp\/v2\/product"}],"about":[{"href":"https:\/\/rosmary.eu\/ro\/wp-json\/wp\/v2\/types\/product"}],"replies":[{"embeddable":true,"href":"https:\/\/rosmary.eu\/ro\/wp-json\/wp\/v2\/comments?post=24763"}],"version-history":[{"count":0,"href":"https:\/\/rosmary.eu\/ro\/wp-json\/wp\/v2\/product\/24763\/revisions"}],"wp:featuredmedia":[{"embeddable":true,"href":"https:\/\/rosmary.eu\/ro\/wp-json\/wp\/v2\/media\/23116"}],"wp:attachment":[{"href":"https:\/\/rosmary.eu\/ro\/wp-json\/wp\/v2\/media?parent=24763"}],"wp:term":[{"taxonomy":"product_brand","embeddable":true,"href":"https:\/\/rosmary.eu\/ro\/wp-json\/wp\/v2\/product_brand?post=24763"},{"taxonomy":"product_cat","embeddable":true,"href":"https:\/\/rosmary.eu\/ro\/wp-json\/wp\/v2\/product_cat?post=24763"},{"taxonomy":"product_tag","embeddable":true,"href":"https:\/\/rosmary.eu\/ro\/wp-json\/wp\/v2\/product_tag?post=24763"}],"curies":[{"name":"wp","href":"https:\/\/api.w.org\/{rel}","templated":true}]}}