{"id":24759,"date":"2023-06-22T11:43:35","date_gmt":"2023-06-22T11:43:35","guid":{"rendered":"https:\/\/rosmary.eu\/produkt\/sapun-lervia-cu-lapte-90-g\/"},"modified":"2023-06-22T11:43:35","modified_gmt":"2023-06-22T11:43:35","slug":"sapun-lervia-cu-lapte-90-g","status":"publish","type":"product","link":"https:\/\/rosmary.eu\/ro\/produkt\/sapun-lervia-cu-lapte-90-g\/","title":{"rendered":"S\u0103pun Lervia cu lapte, 90 g"},"content":{"rendered":"<p>S\u0103punul Lervia cu lapte este un s\u0103pun de toalet\u0103 delicat, \u00eembog\u0103\u021bit cu proteine din lapte.<\/p>\n","protected":false},"excerpt":{"rendered":"<p>S\u0103punul Lervia cu lapte este un s\u0103pun de toalet\u0103 delicat, \u00eembog\u0103\u021bit cu proteine din lapte.<\/p>\n","protected":false},"featured_media":23170,"comment_status":"closed","ping_status":"closed","template":"","meta":[],"product_brand":[],"product_cat":[522,590,593],"product_tag":[],"class_list":{"0":"post-24759","1":"product","2":"type-product","3":"status-publish","4":"has-post-thumbnail","6":"product_cat-sapunuri","7":"product_cat-igiena-personala","8":"product_cat-unisex","10":"first","11":"instock","12":"purchasable","13":"product-type-simple"},"_links":{"self":[{"href":"https:\/\/rosmary.eu\/ro\/wp-json\/wp\/v2\/product\/24759","targetHints":{"allow":["GET"]}}],"collection":[{"href":"https:\/\/rosmary.eu\/ro\/wp-json\/wp\/v2\/product"}],"about":[{"href":"https:\/\/rosmary.eu\/ro\/wp-json\/wp\/v2\/types\/product"}],"replies":[{"embeddable":true,"href":"https:\/\/rosmary.eu\/ro\/wp-json\/wp\/v2\/comments?post=24759"}],"version-history":[{"count":0,"href":"https:\/\/rosmary.eu\/ro\/wp-json\/wp\/v2\/product\/24759\/revisions"}],"wp:featuredmedia":[{"embeddable":true,"href":"https:\/\/rosmary.eu\/ro\/wp-json\/wp\/v2\/media\/23170"}],"wp:attachment":[{"href":"https:\/\/rosmary.eu\/ro\/wp-json\/wp\/v2\/media?parent=24759"}],"wp:term":[{"taxonomy":"product_brand","embeddable":true,"href":"https:\/\/rosmary.eu\/ro\/wp-json\/wp\/v2\/product_brand?post=24759"},{"taxonomy":"product_cat","embeddable":true,"href":"https:\/\/rosmary.eu\/ro\/wp-json\/wp\/v2\/product_cat?post=24759"},{"taxonomy":"product_tag","embeddable":true,"href":"https:\/\/rosmary.eu\/ro\/wp-json\/wp\/v2\/product_tag?post=24759"}],"curies":[{"name":"wp","href":"https:\/\/api.w.org\/{rel}","templated":true}]}}