{"id":24752,"date":"2023-06-22T11:43:42","date_gmt":"2023-06-22T08:43:42","guid":{"rendered":"https:\/\/rosmary.eu\/produkt\/servetele-umede-lindy-lavender-90-buc-cu-capac-cu-capac\/"},"modified":"2023-06-22T11:43:42","modified_gmt":"2023-06-22T11:43:42","slug":"servetele-umede-lindy-lavender-90-buc-cu-capac-cu-capac","status":"publish","type":"product","link":"https:\/\/rosmary.eu\/ro\/produkt\/servetele-umede-lindy-lavender-90-buc-cu-capac-cu-capac\/","title":{"rendered":"\u0218erve\u021bele umede Lindy Lavender 90 buc, cu capac, cu capac"},"content":{"rendered":"<p>\u0218erve\u021belele umede cu lavand\u0103 Lindy vin \u00eentr-un ambalaj convenabil, cu un capac care le p\u0103streaz\u0103 proaspete c\u00e2t mai mult timp posibil. Pachet mare de 90, pentru \u00eentreaga familie!<\/p>\n","protected":false},"excerpt":{"rendered":"<p>\u0218erve\u021belele umede cu lavand\u0103 Lindy vin \u00eentr-un ambalaj convenabil, cu un capac care le p\u0103streaz\u0103 proaspete c\u00e2t mai mult timp<\/p>\n","protected":false},"featured_media":23174,"comment_status":"closed","ping_status":"closed","template":"","meta":[],"product_brand":[],"product_cat":[670,545],"product_tag":[],"class_list":{"0":"post-24752","1":"product","2":"type-product","3":"status-publish","4":"has-post-thumbnail","6":"product_cat-articoli-casnice","7":"product_cat-servetele-umede","9":"first","10":"instock","11":"purchasable","12":"product-type-simple"},"_links":{"self":[{"href":"https:\/\/rosmary.eu\/ro\/wp-json\/wp\/v2\/product\/24752","targetHints":{"allow":["GET"]}}],"collection":[{"href":"https:\/\/rosmary.eu\/ro\/wp-json\/wp\/v2\/product"}],"about":[{"href":"https:\/\/rosmary.eu\/ro\/wp-json\/wp\/v2\/types\/product"}],"replies":[{"embeddable":true,"href":"https:\/\/rosmary.eu\/ro\/wp-json\/wp\/v2\/comments?post=24752"}],"version-history":[{"count":0,"href":"https:\/\/rosmary.eu\/ro\/wp-json\/wp\/v2\/product\/24752\/revisions"}],"wp:featuredmedia":[{"embeddable":true,"href":"https:\/\/rosmary.eu\/ro\/wp-json\/wp\/v2\/media\/23174"}],"wp:attachment":[{"href":"https:\/\/rosmary.eu\/ro\/wp-json\/wp\/v2\/media?parent=24752"}],"wp:term":[{"taxonomy":"product_brand","embeddable":true,"href":"https:\/\/rosmary.eu\/ro\/wp-json\/wp\/v2\/product_brand?post=24752"},{"taxonomy":"product_cat","embeddable":true,"href":"https:\/\/rosmary.eu\/ro\/wp-json\/wp\/v2\/product_cat?post=24752"},{"taxonomy":"product_tag","embeddable":true,"href":"https:\/\/rosmary.eu\/ro\/wp-json\/wp\/v2\/product_tag?post=24752"}],"curies":[{"name":"wp","href":"https:\/\/api.w.org\/{rel}","templated":true}]}}