{"id":24747,"date":"2023-06-22T11:43:35","date_gmt":"2023-06-22T11:43:35","guid":{"rendered":"https:\/\/rosmary.eu\/produkt\/masca-de-ceara-calda-sara-tub-120-ml\/"},"modified":"2023-06-22T11:43:35","modified_gmt":"2023-06-22T11:43:35","slug":"masca-de-ceara-calda-sara-tub-120-ml","status":"publish","type":"product","link":"https:\/\/rosmary.eu\/ro\/produkt\/masca-de-ceara-calda-sara-tub-120-ml\/","title":{"rendered":"Masc\u0103 de cear\u0103 cald\u0103 Sara, tub 120 ml"},"content":{"rendered":"<p>Masca de epilare cald\u0103 Kara &#8211; se folose\u0219te f\u0103r\u0103 dispozitiv de \u00eenc\u0103lzire &#8211; doar \u00eenmuia\u021bi-o \u00een ap\u0103 cald\u0103, aplica\u021bi-o \u0219i \u00eendep\u0103rta\u021bi-o!<\/p>\n","protected":false},"excerpt":{"rendered":"<p>Masca de epilare cald\u0103 Kara &#8211; se folose\u0219te f\u0103r\u0103 dispozitiv de \u00eenc\u0103lzire &#8211; doar \u00eenmuia\u021bi-o \u00een ap\u0103 cald\u0103, aplica\u021bi-o \u0219i<\/p>\n","protected":false},"featured_media":23210,"comment_status":"closed","ping_status":"closed","template":"","meta":[],"product_brand":[],"product_cat":[561],"product_tag":[],"class_list":{"0":"post-24747","1":"product","2":"type-product","3":"status-publish","4":"has-post-thumbnail","6":"product_cat-masca-de-coca-cola","8":"first","9":"instock","10":"purchasable","11":"product-type-simple"},"_links":{"self":[{"href":"https:\/\/rosmary.eu\/ro\/wp-json\/wp\/v2\/product\/24747","targetHints":{"allow":["GET"]}}],"collection":[{"href":"https:\/\/rosmary.eu\/ro\/wp-json\/wp\/v2\/product"}],"about":[{"href":"https:\/\/rosmary.eu\/ro\/wp-json\/wp\/v2\/types\/product"}],"replies":[{"embeddable":true,"href":"https:\/\/rosmary.eu\/ro\/wp-json\/wp\/v2\/comments?post=24747"}],"version-history":[{"count":0,"href":"https:\/\/rosmary.eu\/ro\/wp-json\/wp\/v2\/product\/24747\/revisions"}],"wp:featuredmedia":[{"embeddable":true,"href":"https:\/\/rosmary.eu\/ro\/wp-json\/wp\/v2\/media\/23210"}],"wp:attachment":[{"href":"https:\/\/rosmary.eu\/ro\/wp-json\/wp\/v2\/media?parent=24747"}],"wp:term":[{"taxonomy":"product_brand","embeddable":true,"href":"https:\/\/rosmary.eu\/ro\/wp-json\/wp\/v2\/product_brand?post=24747"},{"taxonomy":"product_cat","embeddable":true,"href":"https:\/\/rosmary.eu\/ro\/wp-json\/wp\/v2\/product_cat?post=24747"},{"taxonomy":"product_tag","embeddable":true,"href":"https:\/\/rosmary.eu\/ro\/wp-json\/wp\/v2\/product_tag?post=24747"}],"curies":[{"name":"wp","href":"https:\/\/api.w.org\/{rel}","templated":true}]}}