{"id":24745,"date":"2023-06-22T11:43:42","date_gmt":"2023-06-22T08:43:42","guid":{"rendered":"https:\/\/rosmary.eu\/produkt\/herbal-time-masca-de-par-cu-chinina-elixir-200-ml\/"},"modified":"2023-06-22T11:43:42","modified_gmt":"2023-06-22T11:43:42","slug":"herbal-time-masca-de-par-cu-chinina-elixir-200-ml","status":"publish","type":"product","link":"https:\/\/rosmary.eu\/ro\/produkt\/herbal-time-masca-de-par-cu-chinina-elixir-200-ml\/","title":{"rendered":"Herbal Time &#8211; masc\u0103 de p\u0103r cu chinin\u0103 &#8211; elixir, 200 ml"},"content":{"rendered":"<p>Herbal Time &#8211; masca de p\u0103r cu chinin\u0103 &#8211; elixir, este benefic\u0103 pentru c\u0103derea p\u0103rului \u0219i pentru un plus de str\u0103lucire.<\/p>\n","protected":false},"excerpt":{"rendered":"<p>Herbal Time &#8211; masca de p\u0103r cu chinin\u0103 &#8211; elixir, este benefic\u0103 pentru c\u0103derea p\u0103rului \u0219i pentru un plus de<\/p>\n","protected":false},"featured_media":23157,"comment_status":"closed","ping_status":"closed","template":"","meta":[],"product_brand":[],"product_cat":[707,608,607],"product_tag":[],"class_list":{"0":"post-24745","1":"product","2":"type-product","3":"status-publish","4":"has-post-thumbnail","6":"product_cat-masti-de-par","7":"product_cat-produse-cosmetice","8":"product_cat-femei-ro","10":"first","11":"outofstock","12":"purchasable","13":"product-type-simple"},"_links":{"self":[{"href":"https:\/\/rosmary.eu\/ro\/wp-json\/wp\/v2\/product\/24745","targetHints":{"allow":["GET"]}}],"collection":[{"href":"https:\/\/rosmary.eu\/ro\/wp-json\/wp\/v2\/product"}],"about":[{"href":"https:\/\/rosmary.eu\/ro\/wp-json\/wp\/v2\/types\/product"}],"replies":[{"embeddable":true,"href":"https:\/\/rosmary.eu\/ro\/wp-json\/wp\/v2\/comments?post=24745"}],"version-history":[{"count":0,"href":"https:\/\/rosmary.eu\/ro\/wp-json\/wp\/v2\/product\/24745\/revisions"}],"wp:featuredmedia":[{"embeddable":true,"href":"https:\/\/rosmary.eu\/ro\/wp-json\/wp\/v2\/media\/23157"}],"wp:attachment":[{"href":"https:\/\/rosmary.eu\/ro\/wp-json\/wp\/v2\/media?parent=24745"}],"wp:term":[{"taxonomy":"product_brand","embeddable":true,"href":"https:\/\/rosmary.eu\/ro\/wp-json\/wp\/v2\/product_brand?post=24745"},{"taxonomy":"product_cat","embeddable":true,"href":"https:\/\/rosmary.eu\/ro\/wp-json\/wp\/v2\/product_cat?post=24745"},{"taxonomy":"product_tag","embeddable":true,"href":"https:\/\/rosmary.eu\/ro\/wp-json\/wp\/v2\/product_tag?post=24745"}],"curies":[{"name":"wp","href":"https:\/\/api.w.org\/{rel}","templated":true}]}}