{"id":24739,"date":"2023-06-22T11:43:49","date_gmt":"2023-06-22T11:43:49","guid":{"rendered":"https:\/\/rosmary.eu\/produkt\/teo-kiddo-2in1-sampon-si-balsam-pentru-fete-200-ml\/"},"modified":"2023-06-22T11:43:49","modified_gmt":"2023-06-22T11:43:49","slug":"teo-kiddo-2in1-sampon-si-balsam-pentru-fete-200-ml","status":"publish","type":"product","link":"https:\/\/rosmary.eu\/ro\/produkt\/teo-kiddo-2in1-sampon-si-balsam-pentru-fete-200-ml\/","title":{"rendered":"Teo Kiddo 2in1, \u0219ampon \u0219i balsam pentru fete, 200 ml"},"content":{"rendered":"<p>Teo Kiddo este potrivit pentru pielea \u0219i scalpul sensibil al copiilor. Teo Kiddo va face din timpul b\u0103ii o adev\u0103rat\u0103 distrac\u021bie!<\/p>\n","protected":false},"excerpt":{"rendered":"<p>Teo Kiddo este potrivit pentru pielea \u0219i scalpul sensibil al copiilor. Teo Kiddo va face din timpul b\u0103ii o adev\u0103rat\u0103<\/p>\n","protected":false},"featured_media":23235,"comment_status":"closed","ping_status":"closed","template":"","meta":[],"product_brand":[],"product_cat":[608,604,537],"product_tag":[],"class_list":{"0":"post-24739","1":"product","2":"type-product","3":"status-publish","4":"has-post-thumbnail","6":"product_cat-produse-cosmetice","7":"product_cat-copii","8":"product_cat-sampoane-ro-2","10":"first","11":"instock","12":"purchasable","13":"product-type-simple"},"_links":{"self":[{"href":"https:\/\/rosmary.eu\/ro\/wp-json\/wp\/v2\/product\/24739","targetHints":{"allow":["GET"]}}],"collection":[{"href":"https:\/\/rosmary.eu\/ro\/wp-json\/wp\/v2\/product"}],"about":[{"href":"https:\/\/rosmary.eu\/ro\/wp-json\/wp\/v2\/types\/product"}],"replies":[{"embeddable":true,"href":"https:\/\/rosmary.eu\/ro\/wp-json\/wp\/v2\/comments?post=24739"}],"version-history":[{"count":0,"href":"https:\/\/rosmary.eu\/ro\/wp-json\/wp\/v2\/product\/24739\/revisions"}],"wp:featuredmedia":[{"embeddable":true,"href":"https:\/\/rosmary.eu\/ro\/wp-json\/wp\/v2\/media\/23235"}],"wp:attachment":[{"href":"https:\/\/rosmary.eu\/ro\/wp-json\/wp\/v2\/media?parent=24739"}],"wp:term":[{"taxonomy":"product_brand","embeddable":true,"href":"https:\/\/rosmary.eu\/ro\/wp-json\/wp\/v2\/product_brand?post=24739"},{"taxonomy":"product_cat","embeddable":true,"href":"https:\/\/rosmary.eu\/ro\/wp-json\/wp\/v2\/product_cat?post=24739"},{"taxonomy":"product_tag","embeddable":true,"href":"https:\/\/rosmary.eu\/ro\/wp-json\/wp\/v2\/product_tag?post=24739"}],"curies":[{"name":"wp","href":"https:\/\/api.w.org\/{rel}","templated":true}]}}