{"id":24732,"date":"2023-06-22T11:43:49","date_gmt":"2023-06-22T08:43:49","guid":{"rendered":"https:\/\/rosmary.eu\/produkt\/palarie-pentru-muste-diverse-culori-1-bucata\/"},"modified":"2023-06-22T11:43:49","modified_gmt":"2023-06-22T11:43:49","slug":"palarie-pentru-muste-diverse-culori-1-bucata","status":"publish","type":"product","link":"https:\/\/rosmary.eu\/ro\/produkt\/palarie-pentru-muste-diverse-culori-1-bucata\/","title":{"rendered":"P\u0103l\u0103rie pentru mu\u0219te, diverse culori, 1 bucat\u0103"},"content":{"rendered":"<p>P\u0103l\u0103rie de plastic pentru mu\u0219te. Culoarea este trimis\u0103 aleatoriu, pre\u021bul este pentru 1 bucat\u0103.<\/p>\n","protected":false},"excerpt":{"rendered":"<p>P\u0103l\u0103rie de plastic pentru mu\u0219te. Culoarea este trimis\u0103 aleatoriu, pre\u021bul este pentru 1 bucat\u0103.<\/p>\n","protected":false},"featured_media":23184,"comment_status":"closed","ping_status":"closed","template":"","meta":[],"product_brand":[],"product_cat":[669],"product_tag":[],"class_list":{"0":"post-24732","1":"product","2":"type-product","3":"status-publish","4":"has-post-thumbnail","6":"product_cat-articoli-de-uz-casnic","8":"first","9":"instock","10":"purchasable","11":"product-type-simple"},"_links":{"self":[{"href":"https:\/\/rosmary.eu\/ro\/wp-json\/wp\/v2\/product\/24732","targetHints":{"allow":["GET"]}}],"collection":[{"href":"https:\/\/rosmary.eu\/ro\/wp-json\/wp\/v2\/product"}],"about":[{"href":"https:\/\/rosmary.eu\/ro\/wp-json\/wp\/v2\/types\/product"}],"replies":[{"embeddable":true,"href":"https:\/\/rosmary.eu\/ro\/wp-json\/wp\/v2\/comments?post=24732"}],"version-history":[{"count":0,"href":"https:\/\/rosmary.eu\/ro\/wp-json\/wp\/v2\/product\/24732\/revisions"}],"wp:featuredmedia":[{"embeddable":true,"href":"https:\/\/rosmary.eu\/ro\/wp-json\/wp\/v2\/media\/23184"}],"wp:attachment":[{"href":"https:\/\/rosmary.eu\/ro\/wp-json\/wp\/v2\/media?parent=24732"}],"wp:term":[{"taxonomy":"product_brand","embeddable":true,"href":"https:\/\/rosmary.eu\/ro\/wp-json\/wp\/v2\/product_brand?post=24732"},{"taxonomy":"product_cat","embeddable":true,"href":"https:\/\/rosmary.eu\/ro\/wp-json\/wp\/v2\/product_cat?post=24732"},{"taxonomy":"product_tag","embeddable":true,"href":"https:\/\/rosmary.eu\/ro\/wp-json\/wp\/v2\/product_tag?post=24732"}],"curies":[{"name":"wp","href":"https:\/\/api.w.org\/{rel}","templated":true}]}}