{"id":24725,"date":"2023-06-22T11:43:49","date_gmt":"2023-06-22T11:43:49","guid":{"rendered":"https:\/\/rosmary.eu\/produkt\/borcane-de-sticla-twist-off-370-ml-o66-24-bucati\/"},"modified":"2023-06-22T11:43:49","modified_gmt":"2023-06-22T11:43:49","slug":"borcane-de-sticla-twist-off-370-ml-o66-24-bucati","status":"publish","type":"product","link":"https:\/\/rosmary.eu\/ro\/produkt\/borcane-de-sticla-twist-off-370-ml-o66-24-bucati\/","title":{"rendered":"Borcane de sticl\u0103 Twist-off, 370 ml, \u00d866, 24 buc\u0103\u021bi"},"content":{"rendered":"<p>Borcanele de sticl\u0103 cu sistem Twist-off sunt potrivite pentru conservarea fructelor, legumelor \u0219i c\u0103rnii. Temperatura maxim\u0103 de sterilizare &#8211; p\u00e2n\u0103 la 121 \u02daC.<\/p>\n","protected":false},"excerpt":{"rendered":"<p>Borcanele de sticl\u0103 cu sistem Twist-off sunt potrivite pentru conservarea fructelor, legumelor \u0219i c\u0103rnii. Temperatura maxim\u0103 de sterilizare &#8211; p\u00e2n\u0103<\/p>\n","protected":false},"featured_media":23103,"comment_status":"closed","ping_status":"closed","template":"","meta":[],"product_brand":[],"product_cat":[317],"product_tag":[],"class_list":{"0":"post-24725","1":"product","2":"type-product","3":"status-publish","4":"has-post-thumbnail","6":"product_cat-obshti","8":"first","9":"instock","10":"purchasable","11":"product-type-simple"},"_links":{"self":[{"href":"https:\/\/rosmary.eu\/ro\/wp-json\/wp\/v2\/product\/24725","targetHints":{"allow":["GET"]}}],"collection":[{"href":"https:\/\/rosmary.eu\/ro\/wp-json\/wp\/v2\/product"}],"about":[{"href":"https:\/\/rosmary.eu\/ro\/wp-json\/wp\/v2\/types\/product"}],"replies":[{"embeddable":true,"href":"https:\/\/rosmary.eu\/ro\/wp-json\/wp\/v2\/comments?post=24725"}],"version-history":[{"count":0,"href":"https:\/\/rosmary.eu\/ro\/wp-json\/wp\/v2\/product\/24725\/revisions"}],"wp:featuredmedia":[{"embeddable":true,"href":"https:\/\/rosmary.eu\/ro\/wp-json\/wp\/v2\/media\/23103"}],"wp:attachment":[{"href":"https:\/\/rosmary.eu\/ro\/wp-json\/wp\/v2\/media?parent=24725"}],"wp:term":[{"taxonomy":"product_brand","embeddable":true,"href":"https:\/\/rosmary.eu\/ro\/wp-json\/wp\/v2\/product_brand?post=24725"},{"taxonomy":"product_cat","embeddable":true,"href":"https:\/\/rosmary.eu\/ro\/wp-json\/wp\/v2\/product_cat?post=24725"},{"taxonomy":"product_tag","embeddable":true,"href":"https:\/\/rosmary.eu\/ro\/wp-json\/wp\/v2\/product_tag?post=24725"}],"curies":[{"name":"wp","href":"https:\/\/api.w.org\/{rel}","templated":true}]}}