{"id":24707,"date":"2023-06-22T11:44:06","date_gmt":"2023-06-22T11:44:06","guid":{"rendered":"https:\/\/rosmary.eu\/produkt\/sticla-cu-gura-larga-1-litru-12-bucati\/"},"modified":"2023-06-22T11:44:06","modified_gmt":"2023-06-22T11:44:06","slug":"sticla-cu-gura-larga-1-litru-12-bucati","status":"publish","type":"product","link":"https:\/\/rosmary.eu\/ro\/produkt\/sticla-cu-gura-larga-1-litru-12-bucati\/","title":{"rendered":"Sticl\u0103 cu gura larg\u0103, 1 litru, 12 buc\u0103\u021bi"},"content":{"rendered":"<p>Sticlele de sticl\u0103 cu \u00eenchidere prin r\u0103sucire sunt potrivite pentru conservele de sucuri \u0219i sosuri. Temperatura maxim\u0103 de sterilizare &#8211; p\u00e2n\u0103 la 121 \u02daC.<\/p>\n","protected":false},"excerpt":{"rendered":"<p>Sticlele de sticl\u0103 cu \u00eenchidere prin r\u0103sucire sunt potrivite pentru conservele de sucuri \u0219i sosuri. Temperatura maxim\u0103 de sterilizare &#8211;<\/p>\n","protected":false},"featured_media":23105,"comment_status":"closed","ping_status":"closed","template":"","meta":[],"product_brand":[],"product_cat":[317],"product_tag":[],"class_list":{"0":"post-24707","1":"product","2":"type-product","3":"status-publish","4":"has-post-thumbnail","6":"product_cat-obshti","8":"first","9":"instock","10":"purchasable","11":"product-type-simple"},"_links":{"self":[{"href":"https:\/\/rosmary.eu\/ro\/wp-json\/wp\/v2\/product\/24707","targetHints":{"allow":["GET"]}}],"collection":[{"href":"https:\/\/rosmary.eu\/ro\/wp-json\/wp\/v2\/product"}],"about":[{"href":"https:\/\/rosmary.eu\/ro\/wp-json\/wp\/v2\/types\/product"}],"replies":[{"embeddable":true,"href":"https:\/\/rosmary.eu\/ro\/wp-json\/wp\/v2\/comments?post=24707"}],"version-history":[{"count":0,"href":"https:\/\/rosmary.eu\/ro\/wp-json\/wp\/v2\/product\/24707\/revisions"}],"wp:featuredmedia":[{"embeddable":true,"href":"https:\/\/rosmary.eu\/ro\/wp-json\/wp\/v2\/media\/23105"}],"wp:attachment":[{"href":"https:\/\/rosmary.eu\/ro\/wp-json\/wp\/v2\/media?parent=24707"}],"wp:term":[{"taxonomy":"product_brand","embeddable":true,"href":"https:\/\/rosmary.eu\/ro\/wp-json\/wp\/v2\/product_brand?post=24707"},{"taxonomy":"product_cat","embeddable":true,"href":"https:\/\/rosmary.eu\/ro\/wp-json\/wp\/v2\/product_cat?post=24707"},{"taxonomy":"product_tag","embeddable":true,"href":"https:\/\/rosmary.eu\/ro\/wp-json\/wp\/v2\/product_tag?post=24707"}],"curies":[{"name":"wp","href":"https:\/\/api.w.org\/{rel}","templated":true}]}}