{"id":24703,"date":"2023-06-22T11:44:06","date_gmt":"2023-06-22T11:44:06","guid":{"rendered":"https:\/\/rosmary.eu\/produkt\/pasta-de-dinti-aquafresh-freshminty-tub-125-ml\/"},"modified":"2023-06-22T11:44:06","modified_gmt":"2023-06-22T11:44:06","slug":"pasta-de-dinti-aquafresh-freshminty-tub-125-ml","status":"publish","type":"product","link":"https:\/\/rosmary.eu\/ro\/produkt\/pasta-de-dinti-aquafresh-freshminty-tub-125-ml\/","title":{"rendered":"Past\u0103 de din\u021bi Aquafresh Fresh&amp;Minty tub, 125 ml"},"content":{"rendered":"<p>Pasta de din\u021bi Aquafresh protejeaz\u0103 din\u021bii \u0219i gingiile \u00eempotriva dezvolt\u0103rii pl\u0103cii bacteriene. Formula inovatoare a pastei de din\u021bi restabile\u0219te albul natural al din\u021bilor f\u0103r\u0103 a deteriora smal\u021bul.<\/p>\n","protected":false},"excerpt":{"rendered":"<p>Pasta de din\u021bi Aquafresh protejeaz\u0103 din\u021bii \u0219i gingiile \u00eempotriva dezvolt\u0103rii pl\u0103cii bacteriene. Formula inovatoare a pastei de din\u021bi restabile\u0219te albul<\/p>\n","protected":false},"featured_media":23111,"comment_status":"closed","ping_status":"open","template":"","meta":[],"product_brand":[],"product_cat":[553],"product_tag":[],"class_list":{"0":"post-24703","1":"product","2":"type-product","3":"status-publish","4":"has-post-thumbnail","6":"product_cat-pasta-de-dinti","8":"first","9":"instock","10":"purchasable","11":"product-type-simple"},"_links":{"self":[{"href":"https:\/\/rosmary.eu\/ro\/wp-json\/wp\/v2\/product\/24703","targetHints":{"allow":["GET"]}}],"collection":[{"href":"https:\/\/rosmary.eu\/ro\/wp-json\/wp\/v2\/product"}],"about":[{"href":"https:\/\/rosmary.eu\/ro\/wp-json\/wp\/v2\/types\/product"}],"replies":[{"embeddable":true,"href":"https:\/\/rosmary.eu\/ro\/wp-json\/wp\/v2\/comments?post=24703"}],"version-history":[{"count":0,"href":"https:\/\/rosmary.eu\/ro\/wp-json\/wp\/v2\/product\/24703\/revisions"}],"wp:featuredmedia":[{"embeddable":true,"href":"https:\/\/rosmary.eu\/ro\/wp-json\/wp\/v2\/media\/23111"}],"wp:attachment":[{"href":"https:\/\/rosmary.eu\/ro\/wp-json\/wp\/v2\/media?parent=24703"}],"wp:term":[{"taxonomy":"product_brand","embeddable":true,"href":"https:\/\/rosmary.eu\/ro\/wp-json\/wp\/v2\/product_brand?post=24703"},{"taxonomy":"product_cat","embeddable":true,"href":"https:\/\/rosmary.eu\/ro\/wp-json\/wp\/v2\/product_cat?post=24703"},{"taxonomy":"product_tag","embeddable":true,"href":"https:\/\/rosmary.eu\/ro\/wp-json\/wp\/v2\/product_tag?post=24703"}],"curies":[{"name":"wp","href":"https:\/\/api.w.org\/{rel}","templated":true}]}}