{"id":24680,"date":"2023-06-22T12:22:10","date_gmt":"2023-06-22T09:22:10","guid":{"rendered":"https:\/\/rosmary.eu\/produkt\/crema-pentru-calcaiele-puternic-crapate-bile-40-ml\/"},"modified":"2023-06-22T12:22:10","modified_gmt":"2023-06-22T12:22:10","slug":"crema-pentru-calcaiele-puternic-crapate-bile-40-ml","status":"publish","type":"product","link":"https:\/\/rosmary.eu\/ro\/produkt\/crema-pentru-calcaiele-puternic-crapate-bile-40-ml\/","title":{"rendered":"Crem\u0103 pentru c\u0103lc\u00e2iele puternic cr\u0103pate Bile, 40 ml"},"content":{"rendered":"<p>Hr\u0103ne\u0219te, \u00eenmoaie \u0219i \u00eent\u0103re\u0219te c\u0103lc\u00e2iele cr\u0103pate. Pielea \u00ee\u0219i recap\u0103t\u0103 integritatea \u0219i moliciunea. Durerea la presiune dispare. Antiinflamator.<\/p>\n","protected":false},"excerpt":{"rendered":"<p>Hr\u0103ne\u0219te, \u00eenmoaie \u0219i \u00eent\u0103re\u0219te c\u0103lc\u00e2iele cr\u0103pate. Pielea \u00ee\u0219i recap\u0103t\u0103 integritatea \u0219i moliciunea. Durerea la presiune dispare. Antiinflamator.<\/p>\n","protected":false},"featured_media":23882,"comment_status":"closed","ping_status":"closed","template":"","meta":[],"product_brand":[],"product_cat":[550],"product_tag":[],"class_list":{"0":"post-24680","1":"product","2":"type-product","3":"status-publish","4":"has-post-thumbnail","6":"product_cat-produse-pentru-tocuri","8":"first","9":"instock","10":"sale","11":"purchasable","12":"product-type-simple"},"_links":{"self":[{"href":"https:\/\/rosmary.eu\/ro\/wp-json\/wp\/v2\/product\/24680","targetHints":{"allow":["GET"]}}],"collection":[{"href":"https:\/\/rosmary.eu\/ro\/wp-json\/wp\/v2\/product"}],"about":[{"href":"https:\/\/rosmary.eu\/ro\/wp-json\/wp\/v2\/types\/product"}],"replies":[{"embeddable":true,"href":"https:\/\/rosmary.eu\/ro\/wp-json\/wp\/v2\/comments?post=24680"}],"version-history":[{"count":0,"href":"https:\/\/rosmary.eu\/ro\/wp-json\/wp\/v2\/product\/24680\/revisions"}],"wp:featuredmedia":[{"embeddable":true,"href":"https:\/\/rosmary.eu\/ro\/wp-json\/wp\/v2\/media\/23882"}],"wp:attachment":[{"href":"https:\/\/rosmary.eu\/ro\/wp-json\/wp\/v2\/media?parent=24680"}],"wp:term":[{"taxonomy":"product_brand","embeddable":true,"href":"https:\/\/rosmary.eu\/ro\/wp-json\/wp\/v2\/product_brand?post=24680"},{"taxonomy":"product_cat","embeddable":true,"href":"https:\/\/rosmary.eu\/ro\/wp-json\/wp\/v2\/product_cat?post=24680"},{"taxonomy":"product_tag","embeddable":true,"href":"https:\/\/rosmary.eu\/ro\/wp-json\/wp\/v2\/product_tag?post=24680"}],"curies":[{"name":"wp","href":"https:\/\/api.w.org\/{rel}","templated":true}]}}