{"id":24679,"date":"2023-06-22T11:46:45","date_gmt":"2023-06-22T11:46:45","guid":{"rendered":"https:\/\/rosmary.eu\/produkt\/henna-indiana-pentru-par-herbul-henna-rosie-suprema-10-g\/"},"modified":"2023-06-22T11:46:45","modified_gmt":"2023-06-22T11:46:45","slug":"henna-indiana-pentru-par-herbul-henna-rosie-suprema-10-g","status":"publish","type":"product","link":"https:\/\/rosmary.eu\/ro\/produkt\/henna-indiana-pentru-par-herbul-henna-rosie-suprema-10-g\/","title":{"rendered":"Henna indian\u0103 pentru p\u0103r Herbul &#8211; Henna ro\u0219ie suprem\u0103, 10 g"},"content":{"rendered":"<p>Vopselele de p\u0103r Herbul Henna sunt vopsele de p\u0103r pe baz\u0103 de henna care sunt ambalate sub form\u0103 de pulbere \u0219i sunt gata de utilizare doar prin ad\u0103ugarea de ap\u0103. Principalul ingredient al Herbul Henna este pudra natural\u0103 de henna, care este foarte hr\u0103nitoare pentru p\u0103r.<\/p>\n","protected":false},"excerpt":{"rendered":"<p>Vopselele de p\u0103r Herbul Henna sunt vopsele de p\u0103r pe baz\u0103 de henna care sunt ambalate sub form\u0103 de pulbere<\/p>\n","protected":false},"featured_media":23231,"comment_status":"closed","ping_status":"closed","template":"","meta":[],"product_brand":[],"product_cat":[608,607],"product_tag":[],"class_list":{"0":"post-24679","1":"product","2":"type-product","3":"status-publish","4":"has-post-thumbnail","6":"product_cat-produse-cosmetice","7":"product_cat-femei-ro","9":"first","10":"instock","11":"purchasable","12":"product-type-simple"},"_links":{"self":[{"href":"https:\/\/rosmary.eu\/ro\/wp-json\/wp\/v2\/product\/24679","targetHints":{"allow":["GET"]}}],"collection":[{"href":"https:\/\/rosmary.eu\/ro\/wp-json\/wp\/v2\/product"}],"about":[{"href":"https:\/\/rosmary.eu\/ro\/wp-json\/wp\/v2\/types\/product"}],"replies":[{"embeddable":true,"href":"https:\/\/rosmary.eu\/ro\/wp-json\/wp\/v2\/comments?post=24679"}],"version-history":[{"count":0,"href":"https:\/\/rosmary.eu\/ro\/wp-json\/wp\/v2\/product\/24679\/revisions"}],"wp:featuredmedia":[{"embeddable":true,"href":"https:\/\/rosmary.eu\/ro\/wp-json\/wp\/v2\/media\/23231"}],"wp:attachment":[{"href":"https:\/\/rosmary.eu\/ro\/wp-json\/wp\/v2\/media?parent=24679"}],"wp:term":[{"taxonomy":"product_brand","embeddable":true,"href":"https:\/\/rosmary.eu\/ro\/wp-json\/wp\/v2\/product_brand?post=24679"},{"taxonomy":"product_cat","embeddable":true,"href":"https:\/\/rosmary.eu\/ro\/wp-json\/wp\/v2\/product_cat?post=24679"},{"taxonomy":"product_tag","embeddable":true,"href":"https:\/\/rosmary.eu\/ro\/wp-json\/wp\/v2\/product_tag?post=24679"}],"curies":[{"name":"wp","href":"https:\/\/api.w.org\/{rel}","templated":true}]}}