{"id":24678,"date":"2023-06-22T11:44:13","date_gmt":"2023-06-22T11:44:13","guid":{"rendered":"https:\/\/rosmary.eu\/produkt\/difuzor-de-aroma-pentru-camera-fresh-home-cafea-150-ml\/"},"modified":"2023-06-22T11:44:13","modified_gmt":"2023-06-22T11:44:13","slug":"difuzor-de-aroma-pentru-camera-fresh-home-cafea-150-ml","status":"publish","type":"product","link":"https:\/\/rosmary.eu\/ro\/produkt\/difuzor-de-aroma-pentru-camera-fresh-home-cafea-150-ml\/","title":{"rendered":"Difuzor de arom\u0103 pentru camer\u0103 Fresh Home &#8211; Cafea, 150 ml"},"content":{"rendered":"<p>Difuzorul de arom\u0103 Fresh Home Room Aroma Diffuser este un odorizant de aer potrivit pentru utilizare \u00een interior. Intensitatea aromei este controlat\u0103 de num\u0103rul de be\u021bi\u0219oare \u00eenmuiate \u00een lichid &#8211; cu c\u00e2t dori\u021bi ca aroma s\u0103 fie mai intens\u0103, cu at\u00e2t mai multe be\u021bi\u0219oare trebuie s\u0103 \u00eenmuia\u021bi.<\/p>\n","protected":false},"excerpt":{"rendered":"<p>Difuzorul de arom\u0103 Fresh Home Room Aroma Diffuser este un odorizant de aer potrivit pentru utilizare \u00een interior. Intensitatea aromei<\/p>\n","protected":false},"featured_media":23125,"comment_status":"closed","ping_status":"closed","template":"","meta":[],"product_brand":[],"product_cat":[574],"product_tag":[],"class_list":{"0":"post-24678","1":"product","2":"type-product","3":"status-publish","4":"has-post-thumbnail","6":"product_cat-arome","8":"first","9":"outofstock","10":"purchasable","11":"product-type-simple"},"_links":{"self":[{"href":"https:\/\/rosmary.eu\/ro\/wp-json\/wp\/v2\/product\/24678","targetHints":{"allow":["GET"]}}],"collection":[{"href":"https:\/\/rosmary.eu\/ro\/wp-json\/wp\/v2\/product"}],"about":[{"href":"https:\/\/rosmary.eu\/ro\/wp-json\/wp\/v2\/types\/product"}],"replies":[{"embeddable":true,"href":"https:\/\/rosmary.eu\/ro\/wp-json\/wp\/v2\/comments?post=24678"}],"version-history":[{"count":0,"href":"https:\/\/rosmary.eu\/ro\/wp-json\/wp\/v2\/product\/24678\/revisions"}],"wp:featuredmedia":[{"embeddable":true,"href":"https:\/\/rosmary.eu\/ro\/wp-json\/wp\/v2\/media\/23125"}],"wp:attachment":[{"href":"https:\/\/rosmary.eu\/ro\/wp-json\/wp\/v2\/media?parent=24678"}],"wp:term":[{"taxonomy":"product_brand","embeddable":true,"href":"https:\/\/rosmary.eu\/ro\/wp-json\/wp\/v2\/product_brand?post=24678"},{"taxonomy":"product_cat","embeddable":true,"href":"https:\/\/rosmary.eu\/ro\/wp-json\/wp\/v2\/product_cat?post=24678"},{"taxonomy":"product_tag","embeddable":true,"href":"https:\/\/rosmary.eu\/ro\/wp-json\/wp\/v2\/product_tag?post=24678"}],"curies":[{"name":"wp","href":"https:\/\/api.w.org\/{rel}","templated":true}]}}