{"id":24672,"date":"2023-06-22T11:46:43","date_gmt":"2023-06-22T11:46:43","guid":{"rendered":"https:\/\/rosmary.eu\/produkt\/servetele-umede-spring-line-aloe-120-buc-cu-capac\/"},"modified":"2023-06-22T11:46:43","modified_gmt":"2023-06-22T11:46:43","slug":"servetele-umede-spring-line-aloe-120-buc-cu-capac","status":"publish","type":"product","link":"https:\/\/rosmary.eu\/ro\/produkt\/servetele-umede-spring-line-aloe-120-buc-cu-capac\/","title":{"rendered":"\u0218erve\u021bele umede Spring Line Aloe 120 buc, cu capac"},"content":{"rendered":"<p>\u0218erve\u021belele umede Spring Line sunt ambalate convenabil, cu un capac care le p\u0103streaz\u0103 proaspete c\u00e2t mai mult timp posibil. Pachet mare de 120 de buc\u0103\u021bi, pentru \u00eentreaga familie!<\/p>\n","protected":false},"excerpt":{"rendered":"<p>\u0218erve\u021belele umede Spring Line sunt ambalate convenabil, cu un capac care le p\u0103streaz\u0103 proaspete c\u00e2t mai mult timp posibil. Pachet<\/p>\n","protected":false},"featured_media":23223,"comment_status":"closed","ping_status":"closed","template":"","meta":[],"product_brand":[],"product_cat":[545],"product_tag":[],"class_list":{"0":"post-24672","1":"product","2":"type-product","3":"status-publish","4":"has-post-thumbnail","6":"product_cat-servetele-umede","8":"first","9":"instock","10":"purchasable","11":"product-type-simple"},"_links":{"self":[{"href":"https:\/\/rosmary.eu\/ro\/wp-json\/wp\/v2\/product\/24672","targetHints":{"allow":["GET"]}}],"collection":[{"href":"https:\/\/rosmary.eu\/ro\/wp-json\/wp\/v2\/product"}],"about":[{"href":"https:\/\/rosmary.eu\/ro\/wp-json\/wp\/v2\/types\/product"}],"replies":[{"embeddable":true,"href":"https:\/\/rosmary.eu\/ro\/wp-json\/wp\/v2\/comments?post=24672"}],"version-history":[{"count":0,"href":"https:\/\/rosmary.eu\/ro\/wp-json\/wp\/v2\/product\/24672\/revisions"}],"wp:featuredmedia":[{"embeddable":true,"href":"https:\/\/rosmary.eu\/ro\/wp-json\/wp\/v2\/media\/23223"}],"wp:attachment":[{"href":"https:\/\/rosmary.eu\/ro\/wp-json\/wp\/v2\/media?parent=24672"}],"wp:term":[{"taxonomy":"product_brand","embeddable":true,"href":"https:\/\/rosmary.eu\/ro\/wp-json\/wp\/v2\/product_brand?post=24672"},{"taxonomy":"product_cat","embeddable":true,"href":"https:\/\/rosmary.eu\/ro\/wp-json\/wp\/v2\/product_cat?post=24672"},{"taxonomy":"product_tag","embeddable":true,"href":"https:\/\/rosmary.eu\/ro\/wp-json\/wp\/v2\/product_tag?post=24672"}],"curies":[{"name":"wp","href":"https:\/\/api.w.org\/{rel}","templated":true}]}}