{"id":24665,"date":"2023-06-22T12:22:18","date_gmt":"2023-06-22T12:22:18","guid":{"rendered":"https:\/\/rosmary.eu\/produkt\/sampon-headshoulders-mentol-360-ml\/"},"modified":"2023-06-22T12:22:18","modified_gmt":"2023-06-22T12:22:18","slug":"sampon-headshoulders-mentol-360-ml","status":"publish","type":"product","link":"https:\/\/rosmary.eu\/ro\/produkt\/sampon-headshoulders-mentol-360-ml\/","title":{"rendered":"\u0218ampon Head&amp;Shoulders Mentol, 360 ml"},"content":{"rendered":"<p>\u0218amponul Head &amp; Shoulders este special formulat pentru a combate tenul inelar. Conceput pentru utilizare zilnic\u0103, ofer\u0103 \u00eengrijire delicat\u0103 pentru un p\u0103r s\u0103n\u0103tos \u0219i str\u0103lucire. Formula special\u0103 de cur\u0103\u021bare \u00eent\u0103re\u0219te structura p\u0103rului \u0219i \u00eei \u00eembun\u0103t\u0103\u021be\u0219te rezisten\u021ba. Dup\u0103 utilizarea produsului, p\u0103rul este \u00eent\u0103rit, m\u0103t\u0103sos \u0219i moale, cu o str\u0103lucire radiant\u0103.<\/p>\n","protected":false},"excerpt":{"rendered":"<p>\u0218amponul Head &amp; Shoulders este special formulat pentru a combate tenul inelar. Conceput pentru utilizare zilnic\u0103, ofer\u0103 \u00eengrijire delicat\u0103 pentru<\/p>\n","protected":false},"featured_media":23312,"comment_status":"closed","ping_status":"closed","template":"","meta":[],"product_brand":[],"product_cat":[608,607,505],"product_tag":[],"class_list":{"0":"post-24665","1":"product","2":"type-product","3":"status-publish","4":"has-post-thumbnail","6":"product_cat-produse-cosmetice","7":"product_cat-femei-ro","8":"product_cat-sampoane-pentru-par","10":"first","11":"instock","12":"purchasable","13":"product-type-simple"},"_links":{"self":[{"href":"https:\/\/rosmary.eu\/ro\/wp-json\/wp\/v2\/product\/24665","targetHints":{"allow":["GET"]}}],"collection":[{"href":"https:\/\/rosmary.eu\/ro\/wp-json\/wp\/v2\/product"}],"about":[{"href":"https:\/\/rosmary.eu\/ro\/wp-json\/wp\/v2\/types\/product"}],"replies":[{"embeddable":true,"href":"https:\/\/rosmary.eu\/ro\/wp-json\/wp\/v2\/comments?post=24665"}],"version-history":[{"count":0,"href":"https:\/\/rosmary.eu\/ro\/wp-json\/wp\/v2\/product\/24665\/revisions"}],"wp:featuredmedia":[{"embeddable":true,"href":"https:\/\/rosmary.eu\/ro\/wp-json\/wp\/v2\/media\/23312"}],"wp:attachment":[{"href":"https:\/\/rosmary.eu\/ro\/wp-json\/wp\/v2\/media?parent=24665"}],"wp:term":[{"taxonomy":"product_brand","embeddable":true,"href":"https:\/\/rosmary.eu\/ro\/wp-json\/wp\/v2\/product_brand?post=24665"},{"taxonomy":"product_cat","embeddable":true,"href":"https:\/\/rosmary.eu\/ro\/wp-json\/wp\/v2\/product_cat?post=24665"},{"taxonomy":"product_tag","embeddable":true,"href":"https:\/\/rosmary.eu\/ro\/wp-json\/wp\/v2\/product_tag?post=24665"}],"curies":[{"name":"wp","href":"https:\/\/api.w.org\/{rel}","templated":true}]}}