{"id":24663,"date":"2023-06-22T12:22:10","date_gmt":"2023-06-22T12:22:10","guid":{"rendered":"https:\/\/rosmary.eu\/produkt\/balsam-pentru-par-biofresh-hranitor-250-ml\/"},"modified":"2023-06-22T12:22:10","modified_gmt":"2023-06-22T12:22:10","slug":"balsam-pentru-par-biofresh-hranitor-250-ml","status":"publish","type":"product","link":"https:\/\/rosmary.eu\/ro\/produkt\/balsam-pentru-par-biofresh-hranitor-250-ml\/","title":{"rendered":"Balsam pentru p\u0103r BioFresh &#8211; hr\u0103nitor, 250 ml"},"content":{"rendered":"<p>BioFresh este un balsam hr\u0103nitor pentru toate tipurile de p\u0103r.<\/p>\n","protected":false},"excerpt":{"rendered":"<p>BioFresh este un balsam hr\u0103nitor pentru toate tipurile de p\u0103r.<\/p>\n","protected":false},"featured_media":23261,"comment_status":"closed","ping_status":"closed","template":"","meta":[],"product_brand":[],"product_cat":[608,607,516],"product_tag":[],"class_list":{"0":"post-24663","1":"product","2":"type-product","3":"status-publish","4":"has-post-thumbnail","6":"product_cat-produse-cosmetice","7":"product_cat-femei-ro","8":"product_cat-balsamuri-pentru-par","10":"first","11":"instock","12":"purchasable","13":"product-type-simple"},"_links":{"self":[{"href":"https:\/\/rosmary.eu\/ro\/wp-json\/wp\/v2\/product\/24663","targetHints":{"allow":["GET"]}}],"collection":[{"href":"https:\/\/rosmary.eu\/ro\/wp-json\/wp\/v2\/product"}],"about":[{"href":"https:\/\/rosmary.eu\/ro\/wp-json\/wp\/v2\/types\/product"}],"replies":[{"embeddable":true,"href":"https:\/\/rosmary.eu\/ro\/wp-json\/wp\/v2\/comments?post=24663"}],"version-history":[{"count":0,"href":"https:\/\/rosmary.eu\/ro\/wp-json\/wp\/v2\/product\/24663\/revisions"}],"wp:featuredmedia":[{"embeddable":true,"href":"https:\/\/rosmary.eu\/ro\/wp-json\/wp\/v2\/media\/23261"}],"wp:attachment":[{"href":"https:\/\/rosmary.eu\/ro\/wp-json\/wp\/v2\/media?parent=24663"}],"wp:term":[{"taxonomy":"product_brand","embeddable":true,"href":"https:\/\/rosmary.eu\/ro\/wp-json\/wp\/v2\/product_brand?post=24663"},{"taxonomy":"product_cat","embeddable":true,"href":"https:\/\/rosmary.eu\/ro\/wp-json\/wp\/v2\/product_cat?post=24663"},{"taxonomy":"product_tag","embeddable":true,"href":"https:\/\/rosmary.eu\/ro\/wp-json\/wp\/v2\/product_tag?post=24663"}],"curies":[{"name":"wp","href":"https:\/\/api.w.org\/{rel}","templated":true}]}}