{"id":24648,"date":"2023-06-22T12:22:10","date_gmt":"2023-06-22T12:22:10","guid":{"rendered":"https:\/\/rosmary.eu\/produkt\/apa-de-trandafiri-euterpa-pompa-60-ml\/"},"modified":"2023-06-22T12:22:10","modified_gmt":"2023-06-22T12:22:10","slug":"apa-de-trandafiri-euterpa-pompa-60-ml","status":"publish","type":"product","link":"https:\/\/rosmary.eu\/ro\/produkt\/apa-de-trandafiri-euterpa-pompa-60-ml\/","title":{"rendered":"Ap\u0103 de trandafiri Euterpa &#8211; pomp\u0103, 60 ml"},"content":{"rendered":"<p>Apa de trandafir Euterpa este potrivit\u0103 pentru cur\u0103\u021barea \u0219i tonifierea fe\u021bei \u0219i a corpului, pentru o parfumare delicat\u0103 \u0219i pentru \u00eemprosp\u0103tarea pe tot parcursul zilei.<\/p>\n","protected":false},"excerpt":{"rendered":"<p>Apa de trandafir Euterpa este potrivit\u0103 pentru cur\u0103\u021barea \u0219i tonifierea fe\u021bei \u0219i a corpului, pentru o parfumare delicat\u0103 \u0219i pentru<\/p>\n","protected":false},"featured_media":31628,"comment_status":"closed","ping_status":"closed","template":"","meta":[],"product_brand":[],"product_cat":[608,607,511],"product_tag":[],"class_list":{"0":"post-24648","1":"product","2":"type-product","3":"status-publish","4":"has-post-thumbnail","6":"product_cat-produse-cosmetice","7":"product_cat-femei-ro","8":"product_cat-ingrijirea-fetei","10":"first","11":"instock","12":"purchasable","13":"product-type-simple"},"_links":{"self":[{"href":"https:\/\/rosmary.eu\/ro\/wp-json\/wp\/v2\/product\/24648","targetHints":{"allow":["GET"]}}],"collection":[{"href":"https:\/\/rosmary.eu\/ro\/wp-json\/wp\/v2\/product"}],"about":[{"href":"https:\/\/rosmary.eu\/ro\/wp-json\/wp\/v2\/types\/product"}],"replies":[{"embeddable":true,"href":"https:\/\/rosmary.eu\/ro\/wp-json\/wp\/v2\/comments?post=24648"}],"version-history":[{"count":0,"href":"https:\/\/rosmary.eu\/ro\/wp-json\/wp\/v2\/product\/24648\/revisions"}],"wp:featuredmedia":[{"embeddable":true,"href":"https:\/\/rosmary.eu\/ro\/wp-json\/wp\/v2\/media\/31628"}],"wp:attachment":[{"href":"https:\/\/rosmary.eu\/ro\/wp-json\/wp\/v2\/media?parent=24648"}],"wp:term":[{"taxonomy":"product_brand","embeddable":true,"href":"https:\/\/rosmary.eu\/ro\/wp-json\/wp\/v2\/product_brand?post=24648"},{"taxonomy":"product_cat","embeddable":true,"href":"https:\/\/rosmary.eu\/ro\/wp-json\/wp\/v2\/product_cat?post=24648"},{"taxonomy":"product_tag","embeddable":true,"href":"https:\/\/rosmary.eu\/ro\/wp-json\/wp\/v2\/product_tag?post=24648"}],"curies":[{"name":"wp","href":"https:\/\/api.w.org\/{rel}","templated":true}]}}