{"id":24639,"date":"2023-06-22T12:22:18","date_gmt":"2023-06-22T12:22:18","guid":{"rendered":"https:\/\/rosmary.eu\/produkt\/medix-faience-gel-activ-anti-calcar-500-ml\/"},"modified":"2023-06-22T12:22:18","modified_gmt":"2023-06-22T12:22:18","slug":"medix-faience-gel-activ-anti-calcar-500-ml","status":"publish","type":"product","link":"https:\/\/rosmary.eu\/ro\/produkt\/medix-faience-gel-activ-anti-calcar-500-ml\/","title":{"rendered":"Medix Faience &#8211; gel activ anti-calcar, 500 ml"},"content":{"rendered":"<p>Medix Faience &#8211; gelul activ anticalcar, care \u00eendep\u0103rteaz\u0103 eficient depunerile de calcar \u00eenc\u0103p\u0103\u021b\u00e2nate.<\/p>\n","protected":false},"excerpt":{"rendered":"<p>Medix Faience &#8211; gelul activ anticalcar, care \u00eendep\u0103rteaz\u0103 eficient depunerile de calcar \u00eenc\u0103p\u0103\u021b\u00e2nate.<\/p>\n","protected":false},"featured_media":23335,"comment_status":"closed","ping_status":"closed","template":"","meta":[],"product_brand":[],"product_cat":[613,538,460],"product_tag":[],"class_list":{"0":"post-24639","1":"product","2":"type-product","3":"status-publish","4":"has-post-thumbnail","6":"product_cat-preparate-de-curatare","7":"product_cat-pregatiri-pentru-cantar","8":"product_cat-promotii","10":"first","11":"instock","12":"sale","13":"purchasable","14":"product-type-simple"},"_links":{"self":[{"href":"https:\/\/rosmary.eu\/ro\/wp-json\/wp\/v2\/product\/24639","targetHints":{"allow":["GET"]}}],"collection":[{"href":"https:\/\/rosmary.eu\/ro\/wp-json\/wp\/v2\/product"}],"about":[{"href":"https:\/\/rosmary.eu\/ro\/wp-json\/wp\/v2\/types\/product"}],"replies":[{"embeddable":true,"href":"https:\/\/rosmary.eu\/ro\/wp-json\/wp\/v2\/comments?post=24639"}],"version-history":[{"count":0,"href":"https:\/\/rosmary.eu\/ro\/wp-json\/wp\/v2\/product\/24639\/revisions"}],"wp:featuredmedia":[{"embeddable":true,"href":"https:\/\/rosmary.eu\/ro\/wp-json\/wp\/v2\/media\/23335"}],"wp:attachment":[{"href":"https:\/\/rosmary.eu\/ro\/wp-json\/wp\/v2\/media?parent=24639"}],"wp:term":[{"taxonomy":"product_brand","embeddable":true,"href":"https:\/\/rosmary.eu\/ro\/wp-json\/wp\/v2\/product_brand?post=24639"},{"taxonomy":"product_cat","embeddable":true,"href":"https:\/\/rosmary.eu\/ro\/wp-json\/wp\/v2\/product_cat?post=24639"},{"taxonomy":"product_tag","embeddable":true,"href":"https:\/\/rosmary.eu\/ro\/wp-json\/wp\/v2\/product_tag?post=24639"}],"curies":[{"name":"wp","href":"https:\/\/api.w.org\/{rel}","templated":true}]}}