{"id":24635,"date":"2023-06-22T12:22:36","date_gmt":"2023-06-22T12:22:36","guid":{"rendered":"https:\/\/rosmary.eu\/produkt\/parfum-evterpa-primavara-lux-15-ml\/"},"modified":"2023-06-22T12:22:36","modified_gmt":"2023-06-22T12:22:36","slug":"parfum-evterpa-primavara-lux-15-ml","status":"publish","type":"product","link":"https:\/\/rosmary.eu\/ro\/produkt\/parfum-evterpa-primavara-lux-15-ml\/","title":{"rendered":"Parfum Evterpa &#8211; Prim\u0103vara, Lux, 15 ml"},"content":{"rendered":"<p>Note de v\u00e2rf Floare de l\u0103m\u00e2i\u021b\u0103, portocal \u0219i frezie; note de inim\u0103 Liliac, iacint \u0219i narcis\u0103; note de baz\u0103 Lemn de santal, trandafir de mai \u0219i mosc.<\/p>\n","protected":false},"excerpt":{"rendered":"<p>Note de v\u00e2rf Floare de l\u0103m\u00e2i\u021b\u0103, portocal \u0219i frezie; note de inim\u0103 Liliac, iacint \u0219i narcis\u0103; note de baz\u0103 Lemn<\/p>\n","protected":false},"featured_media":23372,"comment_status":"closed","ping_status":"closed","template":"","meta":[],"product_brand":[],"product_cat":[608,607,458],"product_tag":[],"class_list":{"0":"post-24635","1":"product","2":"type-product","3":"status-publish","4":"has-post-thumbnail","6":"product_cat-produse-cosmetice","7":"product_cat-femei-ro","8":"product_cat-parfumuri","10":"first","11":"instock","12":"purchasable","13":"product-type-simple"},"_links":{"self":[{"href":"https:\/\/rosmary.eu\/ro\/wp-json\/wp\/v2\/product\/24635","targetHints":{"allow":["GET"]}}],"collection":[{"href":"https:\/\/rosmary.eu\/ro\/wp-json\/wp\/v2\/product"}],"about":[{"href":"https:\/\/rosmary.eu\/ro\/wp-json\/wp\/v2\/types\/product"}],"replies":[{"embeddable":true,"href":"https:\/\/rosmary.eu\/ro\/wp-json\/wp\/v2\/comments?post=24635"}],"version-history":[{"count":0,"href":"https:\/\/rosmary.eu\/ro\/wp-json\/wp\/v2\/product\/24635\/revisions"}],"wp:featuredmedia":[{"embeddable":true,"href":"https:\/\/rosmary.eu\/ro\/wp-json\/wp\/v2\/media\/23372"}],"wp:attachment":[{"href":"https:\/\/rosmary.eu\/ro\/wp-json\/wp\/v2\/media?parent=24635"}],"wp:term":[{"taxonomy":"product_brand","embeddable":true,"href":"https:\/\/rosmary.eu\/ro\/wp-json\/wp\/v2\/product_brand?post=24635"},{"taxonomy":"product_cat","embeddable":true,"href":"https:\/\/rosmary.eu\/ro\/wp-json\/wp\/v2\/product_cat?post=24635"},{"taxonomy":"product_tag","embeddable":true,"href":"https:\/\/rosmary.eu\/ro\/wp-json\/wp\/v2\/product_tag?post=24635"}],"curies":[{"name":"wp","href":"https:\/\/api.w.org\/{rel}","templated":true}]}}