{"id":24630,"date":"2023-06-22T12:22:36","date_gmt":"2023-06-22T12:22:36","guid":{"rendered":"https:\/\/rosmary.eu\/produkt\/crema-de-maini-cu-glicerina-my-nature-calendula-75-ml\/"},"modified":"2023-06-22T12:22:36","modified_gmt":"2023-06-22T12:22:36","slug":"crema-de-maini-cu-glicerina-my-nature-calendula-75-ml","status":"publish","type":"product","link":"https:\/\/rosmary.eu\/ro\/produkt\/crema-de-maini-cu-glicerina-my-nature-calendula-75-ml\/","title":{"rendered":"Crem\u0103 de m\u00e2ini cu glicerin\u0103 My Nature, Calendula, 75 ml"},"content":{"rendered":"<p>Produsul hidrateaz\u0103 \u0219i hr\u0103ne\u0219te \u00een profunzime pielea uscat\u0103 a m\u00e2inilor. Uleiurile au un efect emolient, iar glicerina, \u00een combina\u021bie cu celelalte ingrediente active, creeaz\u0103 un strat sub\u021bire care re\u021bine umiditatea \u0219i protejeaz\u0103 \u00eempotriva influen\u021belor nocive externe. Se absoarbe rapid, iar pielea devine neted\u0103 \u0219i catifelat\u0103.<\/p>\n","protected":false},"excerpt":{"rendered":"<p>Produsul hidrateaz\u0103 \u0219i hr\u0103ne\u0219te \u00een profunzime pielea uscat\u0103 a m\u00e2inilor. Uleiurile au un efect emolient, iar glicerina, \u00een combina\u021bie cu<\/p>\n","protected":false},"featured_media":23342,"comment_status":"closed","ping_status":"closed","template":"","meta":[],"product_brand":[],"product_cat":[608,547,599],"product_tag":[],"class_list":{"0":"post-24630","1":"product","2":"type-product","3":"status-publish","4":"has-post-thumbnail","6":"product_cat-produse-cosmetice","7":"product_cat-produse-pentru-maini","8":"product_cat-unisex-ro","10":"first","11":"instock","12":"purchasable","13":"product-type-simple"},"_links":{"self":[{"href":"https:\/\/rosmary.eu\/ro\/wp-json\/wp\/v2\/product\/24630","targetHints":{"allow":["GET"]}}],"collection":[{"href":"https:\/\/rosmary.eu\/ro\/wp-json\/wp\/v2\/product"}],"about":[{"href":"https:\/\/rosmary.eu\/ro\/wp-json\/wp\/v2\/types\/product"}],"replies":[{"embeddable":true,"href":"https:\/\/rosmary.eu\/ro\/wp-json\/wp\/v2\/comments?post=24630"}],"version-history":[{"count":0,"href":"https:\/\/rosmary.eu\/ro\/wp-json\/wp\/v2\/product\/24630\/revisions"}],"wp:featuredmedia":[{"embeddable":true,"href":"https:\/\/rosmary.eu\/ro\/wp-json\/wp\/v2\/media\/23342"}],"wp:attachment":[{"href":"https:\/\/rosmary.eu\/ro\/wp-json\/wp\/v2\/media?parent=24630"}],"wp:term":[{"taxonomy":"product_brand","embeddable":true,"href":"https:\/\/rosmary.eu\/ro\/wp-json\/wp\/v2\/product_brand?post=24630"},{"taxonomy":"product_cat","embeddable":true,"href":"https:\/\/rosmary.eu\/ro\/wp-json\/wp\/v2\/product_cat?post=24630"},{"taxonomy":"product_tag","embeddable":true,"href":"https:\/\/rosmary.eu\/ro\/wp-json\/wp\/v2\/product_tag?post=24630"}],"curies":[{"name":"wp","href":"https:\/\/api.w.org\/{rel}","templated":true}]}}