{"id":24620,"date":"2023-06-22T12:22:28","date_gmt":"2023-06-22T12:22:28","guid":{"rendered":"https:\/\/rosmary.eu\/produkt\/sampon-antiseboree-bilka-200-ml\/"},"modified":"2023-06-22T12:22:28","modified_gmt":"2023-06-22T12:22:28","slug":"sampon-antiseboree-bilka-200-ml","status":"publish","type":"product","link":"https:\/\/rosmary.eu\/ro\/produkt\/sampon-antiseboree-bilka-200-ml\/","title":{"rendered":"\u0218ampon antiseboree Bilka, 200 ml"},"content":{"rendered":"<p>Ofer\u0103 p\u0103rului rezisten\u021b\u0103, str\u0103lucire \u0219i aspect natural. P\u0103rul este revitalizat, str\u0103lucitor \u0219i moale. Formul\u0103 optim echilibrat\u0103 pentru un p\u0103r s\u0103n\u0103tos \u0219i str\u0103lucitor. Restabile\u0219te structura p\u0103rului, confer\u0103 volum \u0219i red\u0103 str\u0103lucirea p\u0103rului.<\/p>\n","protected":false},"excerpt":{"rendered":"<p>Ofer\u0103 p\u0103rului rezisten\u021b\u0103, str\u0103lucire \u0219i aspect natural. P\u0103rul este revitalizat, str\u0103lucitor \u0219i moale. Formul\u0103 optim echilibrat\u0103 pentru un p\u0103r s\u0103n\u0103tos<\/p>\n","protected":false},"featured_media":23257,"comment_status":"closed","ping_status":"closed","template":"","meta":[],"product_brand":[],"product_cat":[608,607,505],"product_tag":[],"class_list":{"0":"post-24620","1":"product","2":"type-product","3":"status-publish","4":"has-post-thumbnail","6":"product_cat-produse-cosmetice","7":"product_cat-femei-ro","8":"product_cat-sampoane-pentru-par","10":"first","11":"instock","12":"purchasable","13":"product-type-simple"},"_links":{"self":[{"href":"https:\/\/rosmary.eu\/ro\/wp-json\/wp\/v2\/product\/24620","targetHints":{"allow":["GET"]}}],"collection":[{"href":"https:\/\/rosmary.eu\/ro\/wp-json\/wp\/v2\/product"}],"about":[{"href":"https:\/\/rosmary.eu\/ro\/wp-json\/wp\/v2\/types\/product"}],"replies":[{"embeddable":true,"href":"https:\/\/rosmary.eu\/ro\/wp-json\/wp\/v2\/comments?post=24620"}],"version-history":[{"count":0,"href":"https:\/\/rosmary.eu\/ro\/wp-json\/wp\/v2\/product\/24620\/revisions"}],"wp:featuredmedia":[{"embeddable":true,"href":"https:\/\/rosmary.eu\/ro\/wp-json\/wp\/v2\/media\/23257"}],"wp:attachment":[{"href":"https:\/\/rosmary.eu\/ro\/wp-json\/wp\/v2\/media?parent=24620"}],"wp:term":[{"taxonomy":"product_brand","embeddable":true,"href":"https:\/\/rosmary.eu\/ro\/wp-json\/wp\/v2\/product_brand?post=24620"},{"taxonomy":"product_cat","embeddable":true,"href":"https:\/\/rosmary.eu\/ro\/wp-json\/wp\/v2\/product_cat?post=24620"},{"taxonomy":"product_tag","embeddable":true,"href":"https:\/\/rosmary.eu\/ro\/wp-json\/wp\/v2\/product_tag?post=24620"}],"curies":[{"name":"wp","href":"https:\/\/api.w.org\/{rel}","templated":true}]}}