{"id":24612,"date":"2023-06-22T12:22:28","date_gmt":"2023-06-22T12:22:28","guid":{"rendered":"https:\/\/rosmary.eu\/produkt\/gel-de-dus-si-sampon-pentru-copii-bocco-pepene-verde-250-ml\/"},"modified":"2023-06-22T12:22:28","modified_gmt":"2023-06-22T12:22:28","slug":"gel-de-dus-si-sampon-pentru-copii-bocco-pepene-verde-250-ml","status":"publish","type":"product","link":"https:\/\/rosmary.eu\/ro\/produkt\/gel-de-dus-si-sampon-pentru-copii-bocco-pepene-verde-250-ml\/","title":{"rendered":"Gel de du\u0219 \u0219i \u0219ampon pentru copii Bocco, Pepene verde, 250 ml"},"content":{"rendered":"<p>Cu o ac\u021biune de cur\u0103\u021bare delicat\u0103 \u0219i ingrediente emoliente, \u0219amponul 2\u00een1 Bochco ofer\u0103 o solu\u021bie pentru sp\u0103larea p\u0103rului \u0219i a corpului \u00een acela\u0219i timp. Extractele din plante \u0219i vitaminele incluse ofer\u0103 o \u00eengrijire suplimentar\u0103 pentru pielea copiilor. Se ob\u021bine o spum\u0103 moale \u0219i pufoas\u0103. Culoarea vesel\u0103 \u0219i aroma proasp\u0103t\u0103 de fructe fac din baie o adev\u0103rat\u0103 distrac\u021bie.<\/p>\n","protected":false},"excerpt":{"rendered":"<p>Cu o ac\u021biune de cur\u0103\u021bare delicat\u0103 \u0219i ingrediente emoliente, \u0219amponul 2\u00een1 Bochco ofer\u0103 o solu\u021bie pentru sp\u0103larea p\u0103rului \u0219i a<\/p>\n","protected":false},"featured_media":23271,"comment_status":"closed","ping_status":"closed","template":"","meta":[],"product_brand":[],"product_cat":[608,604,535],"product_tag":[],"class_list":{"0":"post-24612","1":"product","2":"type-product","3":"status-publish","4":"has-post-thumbnail","6":"product_cat-produse-cosmetice","7":"product_cat-copii","8":"product_cat-gel-de-dus-ro-3","10":"first","11":"instock","12":"purchasable","13":"product-type-simple"},"_links":{"self":[{"href":"https:\/\/rosmary.eu\/ro\/wp-json\/wp\/v2\/product\/24612","targetHints":{"allow":["GET"]}}],"collection":[{"href":"https:\/\/rosmary.eu\/ro\/wp-json\/wp\/v2\/product"}],"about":[{"href":"https:\/\/rosmary.eu\/ro\/wp-json\/wp\/v2\/types\/product"}],"replies":[{"embeddable":true,"href":"https:\/\/rosmary.eu\/ro\/wp-json\/wp\/v2\/comments?post=24612"}],"version-history":[{"count":0,"href":"https:\/\/rosmary.eu\/ro\/wp-json\/wp\/v2\/product\/24612\/revisions"}],"wp:featuredmedia":[{"embeddable":true,"href":"https:\/\/rosmary.eu\/ro\/wp-json\/wp\/v2\/media\/23271"}],"wp:attachment":[{"href":"https:\/\/rosmary.eu\/ro\/wp-json\/wp\/v2\/media?parent=24612"}],"wp:term":[{"taxonomy":"product_brand","embeddable":true,"href":"https:\/\/rosmary.eu\/ro\/wp-json\/wp\/v2\/product_brand?post=24612"},{"taxonomy":"product_cat","embeddable":true,"href":"https:\/\/rosmary.eu\/ro\/wp-json\/wp\/v2\/product_cat?post=24612"},{"taxonomy":"product_tag","embeddable":true,"href":"https:\/\/rosmary.eu\/ro\/wp-json\/wp\/v2\/product_tag?post=24612"}],"curies":[{"name":"wp","href":"https:\/\/api.w.org\/{rel}","templated":true}]}}