{"id":24605,"date":"2023-06-22T12:22:46","date_gmt":"2023-06-22T12:22:46","guid":{"rendered":"https:\/\/rosmary.eu\/produkt\/sapun-de-toaleta-theo-bouquet-romantic-70-g\/"},"modified":"2023-06-22T12:22:46","modified_gmt":"2023-06-22T12:22:46","slug":"sapun-de-toaleta-theo-bouquet-romantic-70-g","status":"publish","type":"product","link":"https:\/\/rosmary.eu\/ro\/produkt\/sapun-de-toaleta-theo-bouquet-romantic-70-g\/","title":{"rendered":"S\u0103pun de toalet\u0103 Theo &#8211; Bouquet Romantic, 70 g"},"content":{"rendered":"<p>S\u0103pun de toalet\u0103 Theo cu ac\u021biune de sp\u0103lare delicat\u0103.<\/p>\n","protected":false},"excerpt":{"rendered":"<p>S\u0103pun de toalet\u0103 Theo cu ac\u021biune de sp\u0103lare delicat\u0103.<\/p>\n","protected":false},"featured_media":23273,"comment_status":"closed","ping_status":"open","template":"","meta":[],"product_brand":[],"product_cat":[522],"product_tag":[],"class_list":{"0":"post-24605","1":"product","2":"type-product","3":"status-publish","4":"has-post-thumbnail","6":"product_cat-sapunuri","8":"first","9":"instock","10":"purchasable","11":"product-type-simple"},"_links":{"self":[{"href":"https:\/\/rosmary.eu\/ro\/wp-json\/wp\/v2\/product\/24605","targetHints":{"allow":["GET"]}}],"collection":[{"href":"https:\/\/rosmary.eu\/ro\/wp-json\/wp\/v2\/product"}],"about":[{"href":"https:\/\/rosmary.eu\/ro\/wp-json\/wp\/v2\/types\/product"}],"replies":[{"embeddable":true,"href":"https:\/\/rosmary.eu\/ro\/wp-json\/wp\/v2\/comments?post=24605"}],"version-history":[{"count":0,"href":"https:\/\/rosmary.eu\/ro\/wp-json\/wp\/v2\/product\/24605\/revisions"}],"wp:featuredmedia":[{"embeddable":true,"href":"https:\/\/rosmary.eu\/ro\/wp-json\/wp\/v2\/media\/23273"}],"wp:attachment":[{"href":"https:\/\/rosmary.eu\/ro\/wp-json\/wp\/v2\/media?parent=24605"}],"wp:term":[{"taxonomy":"product_brand","embeddable":true,"href":"https:\/\/rosmary.eu\/ro\/wp-json\/wp\/v2\/product_brand?post=24605"},{"taxonomy":"product_cat","embeddable":true,"href":"https:\/\/rosmary.eu\/ro\/wp-json\/wp\/v2\/product_cat?post=24605"},{"taxonomy":"product_tag","embeddable":true,"href":"https:\/\/rosmary.eu\/ro\/wp-json\/wp\/v2\/product_tag?post=24605"}],"curies":[{"name":"wp","href":"https:\/\/api.w.org\/{rel}","templated":true}]}}