{"id":24603,"date":"2023-06-22T12:22:46","date_gmt":"2023-06-22T09:22:46","guid":{"rendered":"https:\/\/rosmary.eu\/produkt\/parfum-euterpa-potcoava-de-cal-50-ml\/"},"modified":"2023-06-22T12:22:46","modified_gmt":"2023-06-22T12:22:46","slug":"parfum-euterpa-potcoava-de-cal-50-ml","status":"publish","type":"product","link":"https:\/\/rosmary.eu\/ro\/produkt\/parfum-euterpa-potcoava-de-cal-50-ml\/","title":{"rendered":"Parfum Euterpa &#8211; Potcoav\u0103 de cal, 50 ml"},"content":{"rendered":"<p>Note de v\u00e2rf: l\u0103m\u00e2ie, portocal\u0103; Note de inim\u0103: crin de vale, iasomie, trandafir \u0219i cui\u0219oare; Note de baz\u0103: narcis\u0103, vanilie, note lemnoase \u0219i benzoin\u0103.<\/p>\n","protected":false},"excerpt":{"rendered":"<p>Note de v\u00e2rf: l\u0103m\u00e2ie, portocal\u0103; Note de inim\u0103: crin de vale, iasomie, trandafir \u0219i cui\u0219oare; Note de baz\u0103: narcis\u0103, vanilie,<\/p>\n","protected":false},"featured_media":23331,"comment_status":"closed","ping_status":"closed","template":"","meta":[],"product_brand":[],"product_cat":[608,607,458],"product_tag":[],"class_list":{"0":"post-24603","1":"product","2":"type-product","3":"status-publish","4":"has-post-thumbnail","6":"product_cat-produse-cosmetice","7":"product_cat-femei-ro","8":"product_cat-parfumuri","10":"first","11":"outofstock","12":"purchasable","13":"product-type-simple"},"_links":{"self":[{"href":"https:\/\/rosmary.eu\/ro\/wp-json\/wp\/v2\/product\/24603","targetHints":{"allow":["GET"]}}],"collection":[{"href":"https:\/\/rosmary.eu\/ro\/wp-json\/wp\/v2\/product"}],"about":[{"href":"https:\/\/rosmary.eu\/ro\/wp-json\/wp\/v2\/types\/product"}],"replies":[{"embeddable":true,"href":"https:\/\/rosmary.eu\/ro\/wp-json\/wp\/v2\/comments?post=24603"}],"version-history":[{"count":0,"href":"https:\/\/rosmary.eu\/ro\/wp-json\/wp\/v2\/product\/24603\/revisions"}],"wp:featuredmedia":[{"embeddable":true,"href":"https:\/\/rosmary.eu\/ro\/wp-json\/wp\/v2\/media\/23331"}],"wp:attachment":[{"href":"https:\/\/rosmary.eu\/ro\/wp-json\/wp\/v2\/media?parent=24603"}],"wp:term":[{"taxonomy":"product_brand","embeddable":true,"href":"https:\/\/rosmary.eu\/ro\/wp-json\/wp\/v2\/product_brand?post=24603"},{"taxonomy":"product_cat","embeddable":true,"href":"https:\/\/rosmary.eu\/ro\/wp-json\/wp\/v2\/product_cat?post=24603"},{"taxonomy":"product_tag","embeddable":true,"href":"https:\/\/rosmary.eu\/ro\/wp-json\/wp\/v2\/product_tag?post=24603"}],"curies":[{"name":"wp","href":"https:\/\/api.w.org\/{rel}","templated":true}]}}