{"id":24596,"date":"2023-06-22T12:22:36","date_gmt":"2023-06-22T12:22:36","guid":{"rendered":"https:\/\/rosmary.eu\/produkt\/gel-de-ras-gillette-sensitive-200-ml\/"},"modified":"2023-06-22T12:22:36","modified_gmt":"2023-06-22T12:22:36","slug":"gel-de-ras-gillette-sensitive-200-ml","status":"publish","type":"product","link":"https:\/\/rosmary.eu\/ro\/produkt\/gel-de-ras-gillette-sensitive-200-ml\/","title":{"rendered":"Gel de ras Gillette, Sensitive, 200 ml"},"content":{"rendered":"<p>Ob\u021bine\u021bi un b\u0103rbierit incredibil de fin cu gelul Gillette. Formula sa hidrateaz\u0103 pentru a \u00eenmuia p\u0103rul pentru a ajuta la b\u0103rbierit \u0219i este u\u0219or parfumat\u0103 pentru a re\u00eemprosp\u0103ta. Con\u021bine agen\u021bi hidratan\u021bi eficien\u021bi \u00eempotriva irita\u021biilor din timpul b\u0103rbieritului.<\/p>\n","protected":false},"excerpt":{"rendered":"<p>Ob\u021bine\u021bi un b\u0103rbierit incredibil de fin cu gelul Gillette. Formula sa hidrateaz\u0103 pentru a \u00eenmuia p\u0103rul pentru a ajuta la<\/p>\n","protected":false},"featured_media":23308,"comment_status":"closed","ping_status":"closed","template":"","meta":[],"product_brand":[],"product_cat":[608,603,532],"product_tag":[],"class_list":{"0":"post-24596","1":"product","2":"type-product","3":"status-publish","4":"has-post-thumbnail","6":"product_cat-produse-cosmetice","7":"product_cat-masculin-ro","8":"product_cat-spuma-de-barbierit","10":"first","11":"instock","12":"purchasable","13":"product-type-simple"},"_links":{"self":[{"href":"https:\/\/rosmary.eu\/ro\/wp-json\/wp\/v2\/product\/24596","targetHints":{"allow":["GET"]}}],"collection":[{"href":"https:\/\/rosmary.eu\/ro\/wp-json\/wp\/v2\/product"}],"about":[{"href":"https:\/\/rosmary.eu\/ro\/wp-json\/wp\/v2\/types\/product"}],"replies":[{"embeddable":true,"href":"https:\/\/rosmary.eu\/ro\/wp-json\/wp\/v2\/comments?post=24596"}],"version-history":[{"count":0,"href":"https:\/\/rosmary.eu\/ro\/wp-json\/wp\/v2\/product\/24596\/revisions"}],"wp:featuredmedia":[{"embeddable":true,"href":"https:\/\/rosmary.eu\/ro\/wp-json\/wp\/v2\/media\/23308"}],"wp:attachment":[{"href":"https:\/\/rosmary.eu\/ro\/wp-json\/wp\/v2\/media?parent=24596"}],"wp:term":[{"taxonomy":"product_brand","embeddable":true,"href":"https:\/\/rosmary.eu\/ro\/wp-json\/wp\/v2\/product_brand?post=24596"},{"taxonomy":"product_cat","embeddable":true,"href":"https:\/\/rosmary.eu\/ro\/wp-json\/wp\/v2\/product_cat?post=24596"},{"taxonomy":"product_tag","embeddable":true,"href":"https:\/\/rosmary.eu\/ro\/wp-json\/wp\/v2\/product_tag?post=24596"}],"curies":[{"name":"wp","href":"https:\/\/api.w.org\/{rel}","templated":true}]}}