{"id":24590,"date":"2023-06-22T12:22:36","date_gmt":"2023-06-22T12:22:36","guid":{"rendered":"https:\/\/rosmary.eu\/produkt\/spuma-de-ras-gillette-200-ml\/"},"modified":"2023-06-22T12:22:36","modified_gmt":"2023-06-22T12:22:36","slug":"spuma-de-ras-gillette-200-ml","status":"publish","type":"product","link":"https:\/\/rosmary.eu\/ro\/produkt\/spuma-de-ras-gillette-200-ml\/","title":{"rendered":"Spum\u0103 de ras Gillette, 200 ml"},"content":{"rendered":"<p>Spum\u0103 de b\u0103rbierit Gillette cu o consisten\u021b\u0103 cremoas\u0103 \u0219i groas\u0103 pentru un b\u0103rbierit confortabil. Se \u00eentinde u\u0219or, \u00eenmoaie firele de p\u0103r, permite aparatului de ras s\u0103 alunece u\u0219or pe piele \u0219i las\u0103 o senza\u021bie de moliciune.<\/p>\n","protected":false},"excerpt":{"rendered":"<p>Spum\u0103 de b\u0103rbierit Gillette cu o consisten\u021b\u0103 cremoas\u0103 \u0219i groas\u0103 pentru un b\u0103rbierit confortabil. Se \u00eentinde u\u0219or, \u00eenmoaie firele de<\/p>\n","protected":false},"featured_media":23305,"comment_status":"closed","ping_status":"open","template":"","meta":[],"product_brand":[],"product_cat":[532],"product_tag":[],"class_list":{"0":"post-24590","1":"product","2":"type-product","3":"status-publish","4":"has-post-thumbnail","6":"product_cat-spuma-de-barbierit","8":"first","9":"instock","10":"purchasable","11":"product-type-simple"},"_links":{"self":[{"href":"https:\/\/rosmary.eu\/ro\/wp-json\/wp\/v2\/product\/24590","targetHints":{"allow":["GET"]}}],"collection":[{"href":"https:\/\/rosmary.eu\/ro\/wp-json\/wp\/v2\/product"}],"about":[{"href":"https:\/\/rosmary.eu\/ro\/wp-json\/wp\/v2\/types\/product"}],"replies":[{"embeddable":true,"href":"https:\/\/rosmary.eu\/ro\/wp-json\/wp\/v2\/comments?post=24590"}],"version-history":[{"count":0,"href":"https:\/\/rosmary.eu\/ro\/wp-json\/wp\/v2\/product\/24590\/revisions"}],"wp:featuredmedia":[{"embeddable":true,"href":"https:\/\/rosmary.eu\/ro\/wp-json\/wp\/v2\/media\/23305"}],"wp:attachment":[{"href":"https:\/\/rosmary.eu\/ro\/wp-json\/wp\/v2\/media?parent=24590"}],"wp:term":[{"taxonomy":"product_brand","embeddable":true,"href":"https:\/\/rosmary.eu\/ro\/wp-json\/wp\/v2\/product_brand?post=24590"},{"taxonomy":"product_cat","embeddable":true,"href":"https:\/\/rosmary.eu\/ro\/wp-json\/wp\/v2\/product_cat?post=24590"},{"taxonomy":"product_tag","embeddable":true,"href":"https:\/\/rosmary.eu\/ro\/wp-json\/wp\/v2\/product_tag?post=24590"}],"curies":[{"name":"wp","href":"https:\/\/api.w.org\/{rel}","templated":true}]}}