{"id":24581,"date":"2023-06-22T12:22:53","date_gmt":"2023-06-22T09:22:53","guid":{"rendered":"https:\/\/rosmary.eu\/produkt\/sapun-natural-tobex-co-cu-namol-marin-100-g\/"},"modified":"2023-06-22T12:22:53","modified_gmt":"2023-06-22T12:22:53","slug":"sapun-natural-tobex-co-cu-namol-marin-100-g","status":"publish","type":"product","link":"https:\/\/rosmary.eu\/ro\/produkt\/sapun-natural-tobex-co-cu-namol-marin-100-g\/","title":{"rendered":"S\u0103pun natural Tobex co &#8211; cu n\u0103mol marin, 100 g"},"content":{"rendered":"<p>S\u0103punul natural cu n\u0103mol marin are efect antibacterian \u0219i antiinflamator. Potrivit pentru toate tipurile de piele.<\/p>\n","protected":false},"excerpt":{"rendered":"<p>S\u0103punul natural cu n\u0103mol marin are efect antibacterian \u0219i antiinflamator. Potrivit pentru toate tipurile de piele.<\/p>\n","protected":false},"featured_media":23380,"comment_status":"closed","ping_status":"closed","template":"","meta":[],"product_brand":[],"product_cat":[522],"product_tag":[],"class_list":{"0":"post-24581","1":"product","2":"type-product","3":"status-publish","4":"has-post-thumbnail","6":"product_cat-sapunuri","8":"first","9":"outofstock","10":"purchasable","11":"product-type-simple"},"_links":{"self":[{"href":"https:\/\/rosmary.eu\/ro\/wp-json\/wp\/v2\/product\/24581","targetHints":{"allow":["GET"]}}],"collection":[{"href":"https:\/\/rosmary.eu\/ro\/wp-json\/wp\/v2\/product"}],"about":[{"href":"https:\/\/rosmary.eu\/ro\/wp-json\/wp\/v2\/types\/product"}],"replies":[{"embeddable":true,"href":"https:\/\/rosmary.eu\/ro\/wp-json\/wp\/v2\/comments?post=24581"}],"version-history":[{"count":0,"href":"https:\/\/rosmary.eu\/ro\/wp-json\/wp\/v2\/product\/24581\/revisions"}],"wp:featuredmedia":[{"embeddable":true,"href":"https:\/\/rosmary.eu\/ro\/wp-json\/wp\/v2\/media\/23380"}],"wp:attachment":[{"href":"https:\/\/rosmary.eu\/ro\/wp-json\/wp\/v2\/media?parent=24581"}],"wp:term":[{"taxonomy":"product_brand","embeddable":true,"href":"https:\/\/rosmary.eu\/ro\/wp-json\/wp\/v2\/product_brand?post=24581"},{"taxonomy":"product_cat","embeddable":true,"href":"https:\/\/rosmary.eu\/ro\/wp-json\/wp\/v2\/product_cat?post=24581"},{"taxonomy":"product_tag","embeddable":true,"href":"https:\/\/rosmary.eu\/ro\/wp-json\/wp\/v2\/product_tag?post=24581"}],"curies":[{"name":"wp","href":"https:\/\/api.w.org\/{rel}","templated":true}]}}