{"id":24576,"date":"2023-06-22T12:22:53","date_gmt":"2023-06-22T12:22:53","guid":{"rendered":"https:\/\/rosmary.eu\/produkt\/sapun-crema-pentru-copii-bochko-smradlica-75-g\/"},"modified":"2023-06-22T12:22:53","modified_gmt":"2023-06-22T12:22:53","slug":"sapun-crema-pentru-copii-bochko-smradlica-75-g","status":"publish","type":"product","link":"https:\/\/rosmary.eu\/ro\/produkt\/sapun-crema-pentru-copii-bochko-smradlica-75-g\/","title":{"rendered":"S\u0103pun crem\u0103 pentru copii Bochko &#8211; Smradlica, 75 g"},"content":{"rendered":"<p>S\u0103punul crem\u0103 pentru bebelu\u0219i Bochko spal\u0103 delicat pielea \u0219i o las\u0103 curat\u0103, protejat\u0103 \u0219i hidratat\u0103 datorit\u0103 uleiurilor naturale \u0219i pantenolului (vitamina B5). Formula crem\u0103 are un complex emolient care face pielea moale \u0219i neted\u0103, f\u0103r\u0103 s\u0103 o usuce. Parfumul selectat aduce mirosul lini\u0219titor de puritate \u0219i prospe\u021bime. Produce o spum\u0103 moale \u0219i delicat\u0103. Potrivit pentru sp\u0103larea zilnic\u0103 sau pentru baie.<\/p>\n","protected":false},"excerpt":{"rendered":"<p>S\u0103punul crem\u0103 pentru bebelu\u0219i Bochko spal\u0103 delicat pielea \u0219i o las\u0103 curat\u0103, protejat\u0103 \u0219i hidratat\u0103 datorit\u0103 uleiurilor naturale \u0219i pantenolului<\/p>\n","protected":false},"featured_media":23270,"comment_status":"closed","ping_status":"closed","template":"","meta":[],"product_brand":[],"product_cat":[529],"product_tag":[],"class_list":{"0":"post-24576","1":"product","2":"type-product","3":"status-publish","4":"has-post-thumbnail","6":"product_cat-sapunuri-ro-2","8":"first","9":"instock","10":"purchasable","11":"product-type-simple"},"_links":{"self":[{"href":"https:\/\/rosmary.eu\/ro\/wp-json\/wp\/v2\/product\/24576","targetHints":{"allow":["GET"]}}],"collection":[{"href":"https:\/\/rosmary.eu\/ro\/wp-json\/wp\/v2\/product"}],"about":[{"href":"https:\/\/rosmary.eu\/ro\/wp-json\/wp\/v2\/types\/product"}],"replies":[{"embeddable":true,"href":"https:\/\/rosmary.eu\/ro\/wp-json\/wp\/v2\/comments?post=24576"}],"version-history":[{"count":0,"href":"https:\/\/rosmary.eu\/ro\/wp-json\/wp\/v2\/product\/24576\/revisions"}],"wp:featuredmedia":[{"embeddable":true,"href":"https:\/\/rosmary.eu\/ro\/wp-json\/wp\/v2\/media\/23270"}],"wp:attachment":[{"href":"https:\/\/rosmary.eu\/ro\/wp-json\/wp\/v2\/media?parent=24576"}],"wp:term":[{"taxonomy":"product_brand","embeddable":true,"href":"https:\/\/rosmary.eu\/ro\/wp-json\/wp\/v2\/product_brand?post=24576"},{"taxonomy":"product_cat","embeddable":true,"href":"https:\/\/rosmary.eu\/ro\/wp-json\/wp\/v2\/product_cat?post=24576"},{"taxonomy":"product_tag","embeddable":true,"href":"https:\/\/rosmary.eu\/ro\/wp-json\/wp\/v2\/product_tag?post=24576"}],"curies":[{"name":"wp","href":"https:\/\/api.w.org\/{rel}","templated":true}]}}