{"id":24574,"date":"2023-06-22T12:22:53","date_gmt":"2023-06-22T12:22:53","guid":{"rendered":"https:\/\/rosmary.eu\/produkt\/sapun-de-curatare-clean-active-100-g\/"},"modified":"2023-06-22T12:22:53","modified_gmt":"2023-06-22T12:22:53","slug":"sapun-de-curatare-clean-active-100-g","status":"publish","type":"product","link":"https:\/\/rosmary.eu\/ro\/produkt\/sapun-de-curatare-clean-active-100-g\/","title":{"rendered":"S\u0103pun de cur\u0103\u021bare Clean &#8211; Active, 100 g"},"content":{"rendered":"<p>S\u0103punul de cur\u0103\u021bare Clean este un complex de extracte naturale cu efect antibacterian. Ajutorul dumneavoastr\u0103 de \u00eencredere \u00een lupta \u00eempotriva bacteriilor. Extractele de arbore de ceai, sumac \u0219i mu\u0219e\u021bel sporesc ac\u021biunea de cur\u0103\u021bare a s\u0103punului \u0219i ajut\u0103 \u00een mod eficient la \u00eendep\u0103rtarea impurit\u0103\u021bilor, asigur\u00e2nd o piele curat\u0103 \u0219i hidratat\u0103. Potrivit pentru \u00eentreaga familie, pentru m\u00e2ini \u0219i corp.<\/p>\n","protected":false},"excerpt":{"rendered":"<p>S\u0103punul de cur\u0103\u021bare Clean este un complex de extracte naturale cu efect antibacterian. Ajutorul dumneavoastr\u0103 de \u00eencredere \u00een lupta \u00eempotriva<\/p>\n","protected":false},"featured_media":23279,"comment_status":"closed","ping_status":"closed","template":"","meta":[],"product_brand":[],"product_cat":[522,590,593],"product_tag":[],"class_list":{"0":"post-24574","1":"product","2":"type-product","3":"status-publish","4":"has-post-thumbnail","6":"product_cat-sapunuri","7":"product_cat-igiena-personala","8":"product_cat-unisex","10":"first","11":"instock","12":"purchasable","13":"product-type-simple"},"_links":{"self":[{"href":"https:\/\/rosmary.eu\/ro\/wp-json\/wp\/v2\/product\/24574","targetHints":{"allow":["GET"]}}],"collection":[{"href":"https:\/\/rosmary.eu\/ro\/wp-json\/wp\/v2\/product"}],"about":[{"href":"https:\/\/rosmary.eu\/ro\/wp-json\/wp\/v2\/types\/product"}],"replies":[{"embeddable":true,"href":"https:\/\/rosmary.eu\/ro\/wp-json\/wp\/v2\/comments?post=24574"}],"version-history":[{"count":0,"href":"https:\/\/rosmary.eu\/ro\/wp-json\/wp\/v2\/product\/24574\/revisions"}],"wp:featuredmedia":[{"embeddable":true,"href":"https:\/\/rosmary.eu\/ro\/wp-json\/wp\/v2\/media\/23279"}],"wp:attachment":[{"href":"https:\/\/rosmary.eu\/ro\/wp-json\/wp\/v2\/media?parent=24574"}],"wp:term":[{"taxonomy":"product_brand","embeddable":true,"href":"https:\/\/rosmary.eu\/ro\/wp-json\/wp\/v2\/product_brand?post=24574"},{"taxonomy":"product_cat","embeddable":true,"href":"https:\/\/rosmary.eu\/ro\/wp-json\/wp\/v2\/product_cat?post=24574"},{"taxonomy":"product_tag","embeddable":true,"href":"https:\/\/rosmary.eu\/ro\/wp-json\/wp\/v2\/product_tag?post=24574"}],"curies":[{"name":"wp","href":"https:\/\/api.w.org\/{rel}","templated":true}]}}